{"id":2139,"date":"2024-12-05T04:41:25","date_gmt":"2024-12-05T03:41:25","guid":{"rendered":"https:\/\/latinblonde.com\/?page_id=2139"},"modified":"2024-12-05T06:13:54","modified_gmt":"2024-12-05T05:13:54","slug":"nosotros","status":"publish","type":"page","link":"https:\/\/latinblonde.com\/es\/nosotros\/","title":{"rendered":"Nosotros"},"content":{"rendered":"<div class=\"wp-block-uagb-container uagb-block-ec57ae33 alignfull uagb-is-root-container\"><div class=\"uagb-container-inner-blocks-wrap\"><div class=\"wp-block-uagb-container uagb-block-b99b1654\"><div class=\"wp-block-uagb-info-box uagb-block-4a165757 uagb-infobox__content-wrap  uagb-infobox-icon-above-title uagb-infobox-image-valign-top\"><div class=\"uagb-ifb-content\"><div class=\"uagb-ifb-title-wrap\"><h1 class=\"uagb-ifb-title\"><strong>Nosotros<\/strong><\/h1><\/div><p class=\"uagb-ifb-desc\"><strong>\u00a1Estamos aqu\u00ed para ayudarte a brillar!<\/strong><br>En nuestra marca, sabemos que cada mujer latina es \u00fanica y hemos creado  productos para el cabello que celebran esa diversidad, ofreci\u00e9ndote calidad y confianza para destacar todos los d\u00edas.<br>Usamos ingredientes de primera y procesos sostenibles para resultados excepcionales, ideales para uso profesional en tu sal\u00f3n. Queremos ser parte de tu historia de \u00e9xito y ayudarte a brillar.<br>Gracias por elegirnos. Estamos aqu\u00ed para apoyarte en cada paso hacia un cabello hermoso y saludable.<\/p><div class=\"uagb-ifb-separator\"><\/div><\/div><\/div><\/div><\/div><\/div><div class=\"wp-block-uagb-container uagb-block-03926366 alignfull uagb-is-root-container\"><div class=\"uagb-container-inner-blocks-wrap\"><div class=\"wp-block-uagb-container uagb-block-d3634444\"><div class=\"wp-block-uagb-image alignleft uagb-block-bbccf630 wp-block-uagb-image--layout-default wp-block-uagb-image--effect-static wp-block-uagb-image--align-left\"><figure class=\"wp-block-uagb-image__figure\"><img loading=\"lazy\" decoding=\"async\" srcset=\"https:\/\/latinblonde.com\/wp-content\/uploads\/2024\/05\/mimi.jpg ,https:\/\/latinblonde.com\/wp-content\/uploads\/2024\/05\/mimi.jpg 780w, https:\/\/latinblonde.com\/wp-content\/uploads\/2024\/05\/mimi.jpg 360w\" sizes=\"auto, (max-width: 480px) 150px\" src=\"https:\/\/latinblonde.com\/wp-content\/uploads\/2024\/05\/mimi.jpg\" alt=\"\" class=\"uag-image-1974\" width=\"540\" height=\"540\" title=\"mimi\" role=\"img\"\/><\/figure><\/div><\/div>\n\n<div class=\"wp-block-uagb-container uagb-layout-flex uagb-block-4596b95e\"><div class=\"wp-block-uagb-advanced-heading uagb-block-755d0607\"><\/div>\n\n<div class=\"wp-block-uagb-info-box uagb-block-02d384db uagb-infobox__content-wrap  uagb-infobox-icon-above-title uagb-infobox-image-valign-top wp-block-uagb-info-box--has-margin\"><div class=\"uagb-infobox-margin-wrapper\"><div class=\"uagb-ifb-content\"><div class=\"uagb-ifb-icon-wrap\"><svg xmlns=\"https:\/\/www.w3.org\/2000\/svg\" viewbox=\"0 0 448 512\"><path d=\"M96 224C84.72 224 74.05 226.3 64 229.9V224c0-35.3 28.7-64 64-64c17.67 0 32-14.33 32-32S145.7 96 128 96C57.42 96 0 153.4 0 224v96c0 53.02 42.98 96 96 96s96-42.98 96-96S149 224 96 224zM352 224c-11.28 0-21.95 2.305-32 5.879V224c0-35.3 28.7-64 64-64c17.67 0 32-14.33 32-32s-14.33-32-32-32c-70.58 0-128 57.42-128 128v96c0 53.02 42.98 96 96 96s96-42.98 96-96S405 224 352 224z\"><\/path><\/svg><\/div><div class=\"uagb-ifb-title-wrap\"><span class=\"uagb-ifb-title-prefix\">Nuestra misi\u00f3n es llevar productos innovadores que ofrezcan resultados excepcionales.<br>Creemos en la calidad, la sostenibilidad y en ofrecer a nuestros clientes solo lo mejor. Gracias por confiar en nosotros y por ser parte de esta incre\u00edble comunidad.<\/span><\/div><p class=\"uagb-ifb-desc\">Noemi Diaz, Florida Manager<\/p><div class=\"uagb-ifb-separator\"><\/div><\/div><\/div><\/div><\/div><\/div><\/div><div class=\"wp-block-uagb-container uagb-block-6b968533 alignfull uagb-is-root-container\"><div class=\"uagb-container-inner-blocks-wrap\"><div class=\"wp-block-uagb-container uagb-block-c6ba3fc6\"><div class=\"wp-block-uagb-container uagb-block-d007fec1 alignfull uagb-is-root-container\"><div class=\"uagb-container-inner-blocks-wrap\"><div class=\"wp-block-uagb-container uagb-block-815c24b6\"><div class=\"wp-block-uagb-advanced-heading uagb-block-7bbb1e16\"><h6 class=\"uagb-heading-text\">NUESTRA HISTORIA<\/h6><\/div><\/div>\n\n<div class=\"wp-block-uagb-container uagb-block-decbf510\"><div class=\"wp-block-uagb-advanced-heading uagb-block-62025aa0\"><div class=\"uagb-heading-text\">Nuestra historia comenz\u00f3 con un sue\u00f1o: crear productos para el cabello que realmente comprendieran y celebraran la belleza y diversidad de las mujeres latinas. <\/div><p class=\"uagb-desc-text\">Desde el principio, nos propusimos satisfacer las necesidades \u00fanicas del cabello, desde la textura y el volumen hasta los estilos y tendencias m\u00e1s populares en la comunidad latina.<br><\/p><\/div>\n\n<p style=\"margin-top:0;margin-right:0;margin-bottom:0;margin-left:0\">Somos un equipo apasionado que cree en la calidad y en la conexi\u00f3n con nuestra comunidad. Usamos ingredientes que reflejan la rica herencia latina, y creamos productos que empoderan a las mujeres para que se sientan seguras y hermosas.<\/p><\/div><\/div><\/div>\n\n<div class=\"wp-block-uagb-container uagb-block-24f66e74\"><div class=\"wp-block-uagb-info-box uagb-block-ef4ac097 uagb-infobox__content-wrap  uagb-infobox-icon-above-title uagb-infobox-image-valign-top\"><div class=\"uagb-ifb-content\"><div class=\"uagb-ifb-icon-wrap\"><div class=\"uagb-iconbox-icon-wrap uagb-infobox-shape-circle\"><svg xmlns=\"https:\/\/www.w3.org\/2000\/svg\" viewbox=\"0 0 640 512\"><path d=\"M448 432c0-14.25 8.547-28.14 21.28-34.55l39.56-16.56l15.64-37.52c4.461-9.037 11.45-15.37 19.43-19.23L544 128c0-17.67-14.33-32-32-32s-32 14.33-32 32l-.0156 112c0 8.836-7.148 16-15.98 16s-16.07-7.164-16.07-16L448 64c0-17.67-14.33-32-32-32s-32 14.33-32 32l-.0635 176c0 8.836-7.106 16-15.94 16S351.9 248.8 351.9 240L352 32c0-17.67-14.33-32-32-32S288 14.33 288 32L287.9 240C287.9 248.8 280.8 256 272 256S255.9 248.8 255.9 240L256 64c0-17.67-14.33-32-32-32S192 46.33 192 64v279.4L132.3 283.7C124.5 275.9 114.2 272 104 272C82.68 272 64 289.2 64 312c0 10.23 3.906 20.47 11.72 28.28l113.1 113.1C226.6 491.2 276.9 512 330.3 512H368c42.72 0 81.91-15.32 112.4-40.73l-9.049-3.773C456.6 460.1 448 446.3 448 432zM349.8 371.6L320 383.1l-12.42 29.78C306.1 415 305.4 416 304 416s-2.969-.9941-3.578-2.219L288 383.1l-29.79-12.42C256.1 370.1 256 369.4 256 367.1c0-1.365 .9922-2.967 2.209-3.577L288 352l12.42-29.79C301 320.1 302.6 320 304 320s2.967 .9902 3.578 2.217L320 352l29.79 12.42C351 365 352 366.6 352 367.1C352 369.4 351 370.1 349.8 371.6zM80 224c2.277 0 4.943-1.656 5.959-3.699l20.7-49.63l49.65-20.71c2.027-1.014 3.682-3.696 3.686-5.958C159.1 141.7 158.3 139.1 156.3 138L106.7 117.4L85.96 67.7C84.94 65.65 82.28 64 80 64C77.72 64 75.05 65.65 74.04 67.7L53.34 117.3L3.695 138C1.668 139.1 .0117 141.7 .0078 143.1c.0039 2.262 1.662 4.953 3.688 5.967l49.57 20.67l20.77 49.67C75.05 222.3 77.72 224 80 224zM639.1 432c-.0039-2.275-1.657-4.952-3.687-5.968l-49.57-20.67l-20.77-49.67C564.9 353.7 562.3 352 560 352c-2.281 0-4.959 1.652-5.975 3.695l-20.7 49.63l-49.64 20.71c-2.027 1.016-3.682 3.683-3.686 5.958c.0039 2.262 1.661 4.954 3.686 5.968l49.57 20.67l20.77 49.67C555.1 510.3 557.7 512 560 512c2.277 0 4.933-1.656 5.949-3.699l20.7-49.63l49.65-20.71C638.3 436.9 639.1 434.3 639.1 432z\"><\/path><\/svg><\/div><\/div><div class=\"uagb-ifb-title-wrap\"><h5 class=\"uagb-ifb-title\">Todo tipo de Cabello<\/h5><\/div><p class=\"uagb-ifb-desc\">Nuestra l\u00ednea se adapta a todo tipo de cabello, ya sea rizado, liso, fino o grueso. Cuidamos y protegemos tu cabello<\/p><\/div><\/div>\n\n<div class=\"wp-block-uagb-info-box uagb-block-b340d15e uagb-infobox__content-wrap  uagb-infobox-icon-above-title uagb-infobox-image-valign-top\"><div class=\"uagb-ifb-content\"><div class=\"uagb-ifb-icon-wrap\"><div class=\"uagb-iconbox-icon-wrap uagb-infobox-shape-circle\"><svg xmlns=\"https:\/\/www.w3.org\/2000\/svg\" viewbox=\"0 0 512 512\"><path d=\"M27.5 162.2L9 187.1h90.5l6.9-130.7-78.9 105.8zM396.3 45.7L267.7 32l135.7 147.2-7.1-133.5zM112.2 218.3l-11.2-22H9.9L234.8 458zm2-31.2h284l-81.5-88.5L256.3 33zm297.3 9.1L277.6 458l224.8-261.7h-90.9zM415.4 69L406 56.4l.9 17.3 6.1 113.4h90.3zM113.5 93.5l-4.6 85.6L244.7 32 116.1 45.7zm287.7 102.7h-290l42.4 82.9L256.3 480l144.9-283.8z\"><\/path><\/svg><\/div><\/div><div class=\"uagb-ifb-title-wrap\"><h5 class=\"uagb-ifb-title\">Productos de Calidad<\/h5><\/div><p class=\"uagb-ifb-desc\">Usamos ingredientes de alta calidad, desde aceites naturales hasta extractos de plantas. <\/p><\/div><\/div>\n\n<div class=\"wp-block-uagb-info-box uagb-block-84665ea4 uagb-infobox__content-wrap  uagb-infobox-icon-above-title uagb-infobox-image-valign-top\"><div class=\"uagb-ifb-content\"><div class=\"uagb-ifb-icon-wrap\"><div class=\"uagb-iconbox-icon-wrap uagb-infobox-shape-circle\"><svg xmlns=\"https:\/\/www.w3.org\/2000\/svg\" viewbox=\"0 0 576 512\"><path d=\"M275.2 250.5c7 7.375 18.5 7.375 25.5 0l108.1-114.2c31.5-33.12 29.72-88.1-5.65-118.7c-30.88-26.75-76.75-21.9-104.9 7.724L287.1 36.91L276.8 25.28C248.7-4.345 202.7-9.194 171.1 17.56C136.7 48.18 134.7 103.2 166.4 136.3L275.2 250.5zM568.2 336.3c-13.12-17.81-38.14-21.66-55.93-8.469l-119.7 88.17h-120.6c-8.748 0-15.1-7.25-15.1-15.1c0-8.746 7.25-15.1 15.1-15.1h78.25c15.1 0 30.75-10.87 33.37-26.62c3.25-19.1-12.12-37.37-31.62-37.37H191.1c-26.1 0-53.12 9.25-74.12 26.25l-46.5 37.74l-55.37-.0253c-8.748 0-15.1 7.275-15.1 16.02L.0001 496C.0001 504.8 7.251 512 15.1 512h346.1c22.03 0 43.92-7.187 61.7-20.28l135.1-99.51C577.5 379.1 581.3 354.1 568.2 336.3z\"><\/path><\/svg><\/div><\/div><div class=\"uagb-ifb-title-wrap\"><h5 class=\"uagb-ifb-title\">Cuidado Natural<\/h5><\/div><p class=\"uagb-ifb-desc\">Nuestros productos te ofrecen una experiencia lujosa y rejuvenecedora para tu cabello y bienestar general.<\/p><\/div><\/div><\/div><\/div><\/div><\/div><div class=\"wp-block-uagb-container uagb-block-903e8ae4 alignfull uagb-is-root-container\"><div class=\"uagb-container-inner-blocks-wrap\"><div class=\"wp-block-uagb-container uagb-block-9710755a\"><div class=\"wp-block-uagb-advanced-heading uagb-block-65c9f9cf\"><h4 class=\"uagb-heading-text\">Siguenos en Redes Sociales:<\/h4><\/div>\n\n<div class=\"wp-block-uagb-advanced-heading uagb-block-f3999bf0\"><h4 class=\"uagb-heading-text\"><strong>@latinblonde_fl<\/strong><\/h4><\/div><\/div><\/div><\/div><div class=\"wp-block-uagb-container uagb-block-ac896820 alignfull uagb-is-root-container\"><div class=\"uagb-container-inner-blocks-wrap\"><div class=\"wp-block-uagb-container uagb-block-2c1f33e7\"><div class=\"wp-block-uagb-info-box uagb-block-9e6806d7 uagb-infobox__content-wrap  uagb-infobox-icon-left uagb-infobox-left uagb-infobox-image-valign-top\"><div class=\"uagb-ifb-icon-wrap\"><div class=\"uagb-iconbox-icon-wrap uagb-infobox-shape-circle\"><svg xmlns=\"https:\/\/www.w3.org\/2000\/svg\" viewbox=\"0 0 640 512\"><path d=\"M368 0C394.5 0 416 21.49 416 48V96H466.7C483.7 96 499.1 102.7 512 114.7L589.3 192C601.3 204 608 220.3 608 237.3V352C625.7 352 640 366.3 640 384C640 401.7 625.7 416 608 416H576C576 469 533 512 480 512C426.1 512 384 469 384 416H256C256 469 213 512 160 512C106.1 512 64 469 64 416H48C21.49 416 0 394.5 0 368V48C0 21.49 21.49 0 48 0H368zM416 160V256H544V237.3L466.7 160H416zM160 368C133.5 368 112 389.5 112 416C112 442.5 133.5 464 160 464C186.5 464 208 442.5 208 416C208 389.5 186.5 368 160 368zM480 464C506.5 464 528 442.5 528 416C528 389.5 506.5 368 480 368C453.5 368 432 389.5 432 416C432 442.5 453.5 464 480 464z\"><\/path><\/svg><\/div><\/div><div class=\"uagb-ifb-content\"><div class=\"uagb-ifb-title-wrap\"><h6 class=\"uagb-ifb-title\">Free Delivery<\/h6><\/div><p class=\"uagb-ifb-desc\">Entregas en todo EEUU\u200b<\/p><\/div><\/div><\/div>\n\n<div class=\"wp-block-uagb-container uagb-block-7b21ab63\"><div class=\"wp-block-uagb-info-box uagb-block-b7f24903 uagb-infobox__content-wrap  uagb-infobox-icon-left uagb-infobox-left uagb-infobox-image-valign-top\"><div class=\"uagb-ifb-icon-wrap\"><div class=\"uagb-iconbox-icon-wrap uagb-infobox-shape-circle\"><svg xmlns=\"https:\/\/www.w3.org\/2000\/svg\" viewbox=\"0 0 576 512\"><path d=\"M512 32C547.3 32 576 60.65 576 96V128H0V96C0 60.65 28.65 32 64 32H512zM576 416C576 451.3 547.3 480 512 480H64C28.65 480 0 451.3 0 416V224H576V416zM112 352C103.2 352 96 359.2 96 368C96 376.8 103.2 384 112 384H176C184.8 384 192 376.8 192 368C192 359.2 184.8 352 176 352H112zM240 384H368C376.8 384 384 376.8 384 368C384 359.2 376.8 352 368 352H240C231.2 352 224 359.2 224 368C224 376.8 231.2 384 240 384z\"><\/path><\/svg><\/div><\/div><div class=\"uagb-ifb-content\"><div class=\"uagb-ifb-title-wrap\"><h6 class=\"uagb-ifb-title\">Easy Payment<\/h6><\/div><p class=\"uagb-ifb-desc\">Facilidad de Pagos<\/p><\/div><\/div><\/div>\n\n<div class=\"wp-block-uagb-container uagb-block-42046b0e\"><div class=\"wp-block-uagb-info-box uagb-block-e8e2785f uagb-infobox__content-wrap  uagb-infobox-icon-left uagb-infobox-left uagb-infobox-image-valign-top\"><div class=\"uagb-ifb-icon-wrap\"><div class=\"uagb-iconbox-icon-wrap uagb-infobox-shape-circle\"><svg xmlns=\"https:\/\/www.w3.org\/2000\/svg\" viewbox=\"0 0 640 512\"><path d=\"M272 32H368.6C388.1 32 406.5 40.84 418.6 56.02L527.4 192H576C593.7 192 608 206.3 608 224V288C625.7 288 640 302.3 640 320C640 337.7 625.7 352 608 352H574.9C575.6 357.2 576 362.6 576 368C576 429.9 525.9 480 464 480C402.1 480 352 429.9 352 368C352 362.6 352.4 357.2 353.1 352H286.9C287.6 357.2 288 362.6 288 368C288 429.9 237.9 480 176 480C114.1 480 64 429.9 64 368C64 362.6 64.39 357.2 65.13 352H32C14.33 352 0 337.7 0 320C0 302.3 14.33 288 32 288V224C32 206.3 46.33 192 64 192H224V80C224 53.49 245.5 32 272 32H272zM368.6 96H288V192H445.4L368.6 96zM176 416C202.5 416 224 394.5 224 368C224 341.5 202.5 320 176 320C149.5 320 128 341.5 128 368C128 394.5 149.5 416 176 416zM464 416C490.5 416 512 394.5 512 368C512 341.5 490.5 320 464 320C437.5 320 416 341.5 416 368C416 394.5 437.5 416 464 416z\"><\/path><\/svg><\/div><\/div><div class=\"uagb-ifb-content\"><div class=\"uagb-ifb-title-wrap\"><h6 class=\"uagb-ifb-title\">Track Order<\/h6><\/div><p class=\"uagb-ifb-desc\">Estamos pendientes de tu orden<\/p><\/div><\/div><\/div>\n\n<div class=\"wp-block-uagb-container uagb-block-72080455\"><div class=\"wp-block-uagb-info-box uagb-block-37bdbb7a uagb-infobox__content-wrap  uagb-infobox-icon-left uagb-infobox-left uagb-infobox-image-valign-top\"><div class=\"uagb-ifb-icon-wrap\"><div class=\"uagb-iconbox-icon-wrap uagb-infobox-shape-circle\"><svg xmlns=\"https:\/\/www.w3.org\/2000\/svg\" viewbox=\"0 0 512 512\"><path d=\"M256 0C114.6 0 0 114.6 0 256s114.6 256 256 256s256-114.6 256-256S397.4 0 256 0zM256 400c-18 0-32-14-32-32s13.1-32 32-32c17.1 0 32 14 32 32S273.1 400 256 400zM325.1 258L280 286V288c0 13-11 24-24 24S232 301 232 288V272c0-8 4-16 12-21l57-34C308 213 312 206 312 198C312 186 301.1 176 289.1 176h-51.1C225.1 176 216 186 216 198c0 13-11 24-24 24s-24-11-24-24C168 159 199 128 237.1 128h51.1C329 128 360 159 360 198C360 222 347 245 325.1 258z\"><\/path><\/svg><\/div><\/div><div class=\"uagb-ifb-content\"><div class=\"uagb-ifb-title-wrap\"><h6 class=\"uagb-ifb-title\">Have Questions?<\/h6><\/div><p class=\"uagb-ifb-desc\">Atendemos todas tus dudas<\/p><\/div><\/div><\/div><\/div><\/div>","protected":false},"excerpt":{"rendered":"<p>NUESTRA HISTORIA Nuestra historia comenz\u00f3 con un sue\u00f1o: crear productos para el cabello que realmente comprendieran y celebraran la belleza y diversidad de las mujeres latinas. Desde el principio, nos propusimos satisfacer las necesidades \u00fanicas del cabello, desde la textura y el volumen hasta los estilos y tendencias m\u00e1s populares en la comunidad latina. Somos un equipo apasionado que cree en la calidad y en la conexi\u00f3n con nuestra comunidad. Usamos ingredientes que reflejan la rica herencia latina, y creamos productos que empoderan a las mujeres para que se sientan seguras y hermosas. Siguenos en Redes Sociales: @latinblonde_fl<\/p>","protected":false},"author":1,"featured_media":0,"parent":0,"menu_order":0,"comment_status":"closed","ping_status":"closed","template":"","meta":{"_uag_custom_page_level_css":"","site-sidebar-layout":"no-sidebar","site-content-layout":"page-builder","ast-site-content-layout":"full-width-container","site-content-style":"unboxed","site-sidebar-style":"unboxed","ast-global-header-display":"","ast-banner-title-visibility":"","ast-main-header-display":"","ast-hfb-above-header-display":"","ast-hfb-below-header-display":"","ast-hfb-mobile-header-display":"","site-post-title":"disabled","ast-breadcrumbs-content":"disabled","ast-featured-img":"disabled","footer-sml-layout":"","theme-transparent-header-meta":"enabled","adv-header-id-meta":"","stick-header-meta":"","header-above-stick-meta":"","header-main-stick-meta":"","header-below-stick-meta":"","astra-migrate-meta-layouts":"set","ast-page-background-enabled":"default","ast-page-background-meta":{"desktop":{"background-color":"var(--ast-global-color-4)","background-image":"","background-repeat":"repeat","background-position":"center center","background-size":"auto","background-attachment":"scroll","background-type":"","background-media":"","overlay-type":"","overlay-color":"","overlay-gradient":""},"tablet":{"background-color":"","background-image":"","background-repeat":"repeat","background-position":"center center","background-size":"auto","background-attachment":"scroll","background-type":"","background-media":"","overlay-type":"","overlay-color":"","overlay-gradient":""},"mobile":{"background-color":"","background-image":"","background-repeat":"repeat","background-position":"center center","background-size":"auto","background-attachment":"scroll","background-type":"","background-media":"","overlay-type":"","overlay-color":"","overlay-gradient":""}},"ast-content-background-meta":{"desktop":{"background-color":"var(--ast-global-color-5)","background-image":"","background-repeat":"repeat","background-position":"center center","background-size":"auto","background-attachment":"scroll","background-type":"","background-media":"","overlay-type":"","overlay-color":"","overlay-gradient":""},"tablet":{"background-color":"var(--ast-global-color-5)","background-image":"","background-repeat":"repeat","background-position":"center center","background-size":"auto","background-attachment":"scroll","background-type":"","background-media":"","overlay-type":"","overlay-color":"","overlay-gradient":""},"mobile":{"background-color":"var(--ast-global-color-5)","background-image":"","background-repeat":"repeat","background-position":"center center","background-size":"auto","background-attachment":"scroll","background-type":"","background-media":"","overlay-type":"","overlay-color":"","overlay-gradient":""}},"_joinchat":[],"footnotes":""},"class_list":["post-2139","page","type-page","status-publish","hentry"],"uagb_featured_image_src":{"full":false,"thumbnail":false,"medium":false,"medium_large":false,"large":false,"1536x1536":false,"2048x2048":false,"trp-custom-language-flag":false,"woocommerce_thumbnail":false,"woocommerce_single":false,"woocommerce_gallery_thumbnail":false},"uagb_author_info":{"display_name":"adminlat","author_link":"https:\/\/latinblonde.com\/es\/author\/adminlat\/"},"uagb_comment_info":0,"uagb_excerpt":"NUESTRA HISTORIA Nuestra historia comenz\u00f3 con un sue\u00f1o: crear productos para el cabello que realmente comprendieran y celebraran la belleza y diversidad de las mujeres latinas. Desde el principio, nos propusimos satisfacer las necesidades \u00fanicas del cabello, desde la textura y el volumen hasta los estilos y tendencias m\u00e1s populares en la comunidad latina. Somos&hellip;","_links":{"self":[{"href":"https:\/\/latinblonde.com\/es\/wp-json\/wp\/v2\/pages\/2139","targetHints":{"allow":["GET"]}}],"collection":[{"href":"https:\/\/latinblonde.com\/es\/wp-json\/wp\/v2\/pages"}],"about":[{"href":"https:\/\/latinblonde.com\/es\/wp-json\/wp\/v2\/types\/page"}],"author":[{"embeddable":true,"href":"https:\/\/latinblonde.com\/es\/wp-json\/wp\/v2\/users\/1"}],"replies":[{"embeddable":true,"href":"https:\/\/latinblonde.com\/es\/wp-json\/wp\/v2\/comments?post=2139"}],"version-history":[{"count":3,"href":"https:\/\/latinblonde.com\/es\/wp-json\/wp\/v2\/pages\/2139\/revisions"}],"predecessor-version":[{"id":2157,"href":"https:\/\/latinblonde.com\/es\/wp-json\/wp\/v2\/pages\/2139\/revisions\/2157"}],"wp:attachment":[{"href":"https:\/\/latinblonde.com\/es\/wp-json\/wp\/v2\/media?parent=2139"}],"curies":[{"name":"wp","href":"https:\/\/api.w.org\/{rel}","templated":true}]}}