{"id":1849,"date":"2024-05-08T10:24:57","date_gmt":"2024-05-08T08:24:57","guid":{"rendered":"https:\/\/latinblonde.com\/?post_type=product&#038;p=1849"},"modified":"2024-12-12T06:30:22","modified_gmt":"2024-12-12T05:30:22","slug":"forever-platinum-shampoo","status":"publish","type":"product","link":"https:\/\/latinblonde.com\/es\/producto\/forever-platinum-shampoo\/","title":{"rendered":"FOREVER PLATINUM SHAMPOO"},"content":{"rendered":"<p>Los Champ\u00fa Forever Platinum de Latin Blonde son el d\u00fao perfecto a la hora de neutralizar los tonos amarillos en cabellos decolorados. Se pueden definir por su composici\u00f3n en equilibrio en la proporci\u00f3n de colores que pueden dar un tono variado en diferentes niveles al cabello, utilizados para cabellos rubios y grises.\nEl champ\u00fa Forever Platinum limpia e higieniza el cuero cabelludo y simult\u00e1neamente matiza los tonos amarillos. Neutraliza y refresca hasta los tonos m\u00e1s anaranjados ya que tiene una alta concentraci\u00f3n de pigmentos azules.<\/p>","protected":false},"excerpt":{"rendered":"<p>Los Champ\u00fa Forever Platinum de Latin Blonde son el d\u00fao perfecto a la hora de neutralizar los tonos amarillos en cabellos decolorados.<\/p>","protected":false},"featured_media":1815,"comment_status":"open","ping_status":"closed","template":"","meta":{"_uag_custom_page_level_css":"","site-sidebar-layout":"default","site-content-layout":"content-boxed-container","ast-site-content-layout":"normal-width-container","site-content-style":"boxed","site-sidebar-style":"unboxed","ast-global-header-display":"","ast-banner-title-visibility":"","ast-main-header-display":"","ast-hfb-above-header-display":"","ast-hfb-below-header-display":"","ast-hfb-mobile-header-display":"","site-post-title":"","ast-breadcrumbs-content":"","ast-featured-img":"","footer-sml-layout":"","theme-transparent-header-meta":"default","adv-header-id-meta":"","stick-header-meta":"","header-above-stick-meta":"","header-main-stick-meta":"","header-below-stick-meta":"","astra-migrate-meta-layouts":"set","ast-page-background-enabled":"default","ast-page-background-meta":{"desktop":{"background-color":"var(--ast-global-color-4)","background-image":"","background-repeat":"repeat","background-position":"center center","background-size":"auto","background-attachment":"scroll","background-type":"","background-media":"","overlay-type":"","overlay-color":"","overlay-gradient":""},"tablet":{"background-color":"","background-image":"","background-repeat":"repeat","background-position":"center center","background-size":"auto","background-attachment":"scroll","background-type":"","background-media":"","overlay-type":"","overlay-color":"","overlay-gradient":""},"mobile":{"background-color":"","background-image":"","background-repeat":"repeat","background-position":"center center","background-size":"auto","background-attachment":"scroll","background-type":"","background-media":"","overlay-type":"","overlay-color":"","overlay-gradient":""}},"ast-content-background-meta":{"desktop":{"background-color":"var(--ast-global-color-5)","background-image":"","background-repeat":"repeat","background-position":"center center","background-size":"auto","background-attachment":"scroll","background-type":"","background-media":"","overlay-type":"","overlay-color":"","overlay-gradient":""},"tablet":{"background-color":"var(--ast-global-color-5)","background-image":"","background-repeat":"repeat","background-position":"center center","background-size":"auto","background-attachment":"scroll","background-type":"","background-media":"","overlay-type":"","overlay-color":"","overlay-gradient":""},"mobile":{"background-color":"var(--ast-global-color-5)","background-image":"","background-repeat":"repeat","background-position":"center center","background-size":"auto","background-attachment":"scroll","background-type":"","background-media":"","overlay-type":"","overlay-color":"","overlay-gradient":""}},"_joinchat":[]},"product_brand":[],"product_cat":[21,24],"product_tag":[],"class_list":{"0":"post-1849","1":"product","2":"type-product","3":"status-publish","4":"has-post-thumbnail","6":"product_cat-salon-products","7":"product_cat-shampoo-acondicionador","8":"desktop-align-left","9":"tablet-align-left","10":"mobile-align-left","12":"first","13":"instock","14":"taxable","15":"shipping-taxable","16":"purchasable","17":"product-type-simple"},"uagb_featured_image_src":{"full":["https:\/\/latinblonde.com\/wp-content\/uploads\/2024\/05\/FOREVER-PLATINUM-SHAMPOO.jpg",650,650,false],"thumbnail":["https:\/\/latinblonde.com\/wp-content\/uploads\/2024\/05\/FOREVER-PLATINUM-SHAMPOO-150x150.jpg",150,150,true],"medium":["https:\/\/latinblonde.com\/wp-content\/uploads\/2024\/05\/FOREVER-PLATINUM-SHAMPOO-300x300.jpg",300,300,true],"medium_large":["https:\/\/latinblonde.com\/wp-content\/uploads\/2024\/05\/FOREVER-PLATINUM-SHAMPOO.jpg",650,650,false],"large":["https:\/\/latinblonde.com\/wp-content\/uploads\/2024\/05\/FOREVER-PLATINUM-SHAMPOO.jpg",650,650,false],"1536x1536":["https:\/\/latinblonde.com\/wp-content\/uploads\/2024\/05\/FOREVER-PLATINUM-SHAMPOO.jpg",650,650,false],"2048x2048":["https:\/\/latinblonde.com\/wp-content\/uploads\/2024\/05\/FOREVER-PLATINUM-SHAMPOO.jpg",650,650,false],"trp-custom-language-flag":["https:\/\/latinblonde.com\/wp-content\/uploads\/2024\/05\/FOREVER-PLATINUM-SHAMPOO.jpg",12,12,false],"woocommerce_thumbnail":["https:\/\/latinblonde.com\/wp-content\/uploads\/2024\/05\/FOREVER-PLATINUM-SHAMPOO-300x300.jpg",300,300,true],"woocommerce_single":["https:\/\/latinblonde.com\/wp-content\/uploads\/2024\/05\/FOREVER-PLATINUM-SHAMPOO-600x600.jpg",600,600,true],"woocommerce_gallery_thumbnail":["https:\/\/latinblonde.com\/wp-content\/uploads\/2024\/05\/FOREVER-PLATINUM-SHAMPOO-100x100.jpg",100,100,true]},"uagb_author_info":{"display_name":"adminlat","author_link":"https:\/\/latinblonde.com\/es\/author\/"},"uagb_comment_info":0,"uagb_excerpt":"The Latin Blonde Forever Platinum Shampoos are the perfect duo when it comes to neutralizing yellow tones in bleached hair.","_links":{"self":[{"href":"https:\/\/latinblonde.com\/es\/wp-json\/wp\/v2\/product\/1849","targetHints":{"allow":["GET"]}}],"collection":[{"href":"https:\/\/latinblonde.com\/es\/wp-json\/wp\/v2\/product"}],"about":[{"href":"https:\/\/latinblonde.com\/es\/wp-json\/wp\/v2\/types\/product"}],"replies":[{"embeddable":true,"href":"https:\/\/latinblonde.com\/es\/wp-json\/wp\/v2\/comments?post=1849"}],"wp:featuredmedia":[{"embeddable":true,"href":"https:\/\/latinblonde.com\/es\/wp-json\/wp\/v2\/media\/1815"}],"wp:attachment":[{"href":"https:\/\/latinblonde.com\/es\/wp-json\/wp\/v2\/media?parent=1849"}],"wp:term":[{"taxonomy":"product_brand","embeddable":true,"href":"https:\/\/latinblonde.com\/es\/wp-json\/wp\/v2\/product_brand?post=1849"},{"taxonomy":"product_cat","embeddable":true,"href":"https:\/\/latinblonde.com\/es\/wp-json\/wp\/v2\/product_cat?post=1849"},{"taxonomy":"product_tag","embeddable":true,"href":"https:\/\/latinblonde.com\/es\/wp-json\/wp\/v2\/product_tag?post=1849"}],"curies":[{"name":"wp","href":"https:\/\/api.w.org\/{rel}","templated":true}]}}