{"id":1851,"date":"2024-05-08T10:31:24","date_gmt":"2024-05-08T08:31:24","guid":{"rendered":"https:\/\/latinblonde.com\/?post_type=product&#038;p=1851"},"modified":"2024-12-12T06:33:05","modified_gmt":"2024-12-12T05:33:05","slug":"neutralizing-shampoo","status":"publish","type":"product","link":"https:\/\/latinblonde.com\/es\/producto\/neutralizing-shampoo\/","title":{"rendered":"NEUTRALIZING SHAMPOO"},"content":{"rendered":"<p>Formulaci\u00f3n de pH \u00c1cido dise\u00f1ada para lavar el cabello al finalizar procedimientos que emplean excesos de sustancias alcalinas, como son decolorantes, tintes permanentes y alisados.\nEl Champ\u00fa Neutralizante Latin Blonde est\u00e1 indicado para cabellos tratados qu\u00edmicamente ya que repone sustancias necesarias para la salud de las hebras que se perdieron durante los tratamientos de procesos qu\u00edmicos.<\/p>","protected":false},"excerpt":{"rendered":"<p>El Champ\u00fa Neutralizante Latin Blonde est\u00e1 indicado para cabellos tratados qu\u00edmicamente ya que repone sustancias necesarias para la salud de las hebras que se perdieron durante los tratamientos de procesos qu\u00edmicos.<\/p>","protected":false},"featured_media":1824,"comment_status":"open","ping_status":"closed","template":"","meta":{"_uag_custom_page_level_css":"","site-sidebar-layout":"default","site-content-layout":"content-boxed-container","ast-site-content-layout":"normal-width-container","site-content-style":"boxed","site-sidebar-style":"unboxed","ast-global-header-display":"","ast-banner-title-visibility":"","ast-main-header-display":"","ast-hfb-above-header-display":"","ast-hfb-below-header-display":"","ast-hfb-mobile-header-display":"","site-post-title":"","ast-breadcrumbs-content":"","ast-featured-img":"","footer-sml-layout":"","theme-transparent-header-meta":"default","adv-header-id-meta":"","stick-header-meta":"","header-above-stick-meta":"","header-main-stick-meta":"","header-below-stick-meta":"","astra-migrate-meta-layouts":"set","ast-page-background-enabled":"default","ast-page-background-meta":{"desktop":{"background-color":"var(--ast-global-color-4)","background-image":"","background-repeat":"repeat","background-position":"center center","background-size":"auto","background-attachment":"scroll","background-type":"","background-media":"","overlay-type":"","overlay-color":"","overlay-gradient":""},"tablet":{"background-color":"","background-image":"","background-repeat":"repeat","background-position":"center center","background-size":"auto","background-attachment":"scroll","background-type":"","background-media":"","overlay-type":"","overlay-color":"","overlay-gradient":""},"mobile":{"background-color":"","background-image":"","background-repeat":"repeat","background-position":"center center","background-size":"auto","background-attachment":"scroll","background-type":"","background-media":"","overlay-type":"","overlay-color":"","overlay-gradient":""}},"ast-content-background-meta":{"desktop":{"background-color":"var(--ast-global-color-5)","background-image":"","background-repeat":"repeat","background-position":"center center","background-size":"auto","background-attachment":"scroll","background-type":"","background-media":"","overlay-type":"","overlay-color":"","overlay-gradient":""},"tablet":{"background-color":"var(--ast-global-color-5)","background-image":"","background-repeat":"repeat","background-position":"center center","background-size":"auto","background-attachment":"scroll","background-type":"","background-media":"","overlay-type":"","overlay-color":"","overlay-gradient":""},"mobile":{"background-color":"var(--ast-global-color-5)","background-image":"","background-repeat":"repeat","background-position":"center center","background-size":"auto","background-attachment":"scroll","background-type":"","background-media":"","overlay-type":"","overlay-color":"","overlay-gradient":""}},"_joinchat":[]},"product_brand":[],"product_cat":[21,24],"product_tag":[],"class_list":{"0":"post-1851","1":"product","2":"type-product","3":"status-publish","4":"has-post-thumbnail","6":"product_cat-salon-products","7":"product_cat-shampoo-acondicionador","8":"desktop-align-left","9":"tablet-align-left","10":"mobile-align-left","12":"first","13":"instock","14":"taxable","15":"shipping-taxable","16":"purchasable","17":"product-type-simple"},"uagb_featured_image_src":{"full":["https:\/\/latinblonde.com\/wp-content\/uploads\/2024\/05\/NEUTRALIZING-SHAMPOO.jpg",720,720,false],"thumbnail":["https:\/\/latinblonde.com\/wp-content\/uploads\/2024\/05\/NEUTRALIZING-SHAMPOO-150x150.jpg",150,150,true],"medium":["https:\/\/latinblonde.com\/wp-content\/uploads\/2024\/05\/NEUTRALIZING-SHAMPOO-300x300.jpg",300,300,true],"medium_large":["https:\/\/latinblonde.com\/wp-content\/uploads\/2024\/05\/NEUTRALIZING-SHAMPOO.jpg",720,720,false],"large":["https:\/\/latinblonde.com\/wp-content\/uploads\/2024\/05\/NEUTRALIZING-SHAMPOO.jpg",720,720,false],"1536x1536":["https:\/\/latinblonde.com\/wp-content\/uploads\/2024\/05\/NEUTRALIZING-SHAMPOO.jpg",720,720,false],"2048x2048":["https:\/\/latinblonde.com\/wp-content\/uploads\/2024\/05\/NEUTRALIZING-SHAMPOO.jpg",720,720,false],"trp-custom-language-flag":["https:\/\/latinblonde.com\/wp-content\/uploads\/2024\/05\/NEUTRALIZING-SHAMPOO.jpg",12,12,false],"woocommerce_thumbnail":["https:\/\/latinblonde.com\/wp-content\/uploads\/2024\/05\/NEUTRALIZING-SHAMPOO-300x300.jpg",300,300,true],"woocommerce_single":["https:\/\/latinblonde.com\/wp-content\/uploads\/2024\/05\/NEUTRALIZING-SHAMPOO-600x600.jpg",600,600,true],"woocommerce_gallery_thumbnail":["https:\/\/latinblonde.com\/wp-content\/uploads\/2024\/05\/NEUTRALIZING-SHAMPOO-100x100.jpg",100,100,true]},"uagb_author_info":{"display_name":"adminlat","author_link":"https:\/\/latinblonde.com\/es\/author\/"},"uagb_comment_info":0,"uagb_excerpt":"Latin Blonde Neutralizing Shampoo is indicated for chemically treated hair as it replenishes substances necessary for the health of the strands that were lost during chemical process treatments.","_links":{"self":[{"href":"https:\/\/latinblonde.com\/es\/wp-json\/wp\/v2\/product\/1851","targetHints":{"allow":["GET"]}}],"collection":[{"href":"https:\/\/latinblonde.com\/es\/wp-json\/wp\/v2\/product"}],"about":[{"href":"https:\/\/latinblonde.com\/es\/wp-json\/wp\/v2\/types\/product"}],"replies":[{"embeddable":true,"href":"https:\/\/latinblonde.com\/es\/wp-json\/wp\/v2\/comments?post=1851"}],"wp:featuredmedia":[{"embeddable":true,"href":"https:\/\/latinblonde.com\/es\/wp-json\/wp\/v2\/media\/1824"}],"wp:attachment":[{"href":"https:\/\/latinblonde.com\/es\/wp-json\/wp\/v2\/media?parent=1851"}],"wp:term":[{"taxonomy":"product_brand","embeddable":true,"href":"https:\/\/latinblonde.com\/es\/wp-json\/wp\/v2\/product_brand?post=1851"},{"taxonomy":"product_cat","embeddable":true,"href":"https:\/\/latinblonde.com\/es\/wp-json\/wp\/v2\/product_cat?post=1851"},{"taxonomy":"product_tag","embeddable":true,"href":"https:\/\/latinblonde.com\/es\/wp-json\/wp\/v2\/product_tag?post=1851"}],"curies":[{"name":"wp","href":"https:\/\/api.w.org\/{rel}","templated":true}]}}