{"id":1855,"date":"2024-05-08T10:50:05","date_gmt":"2024-05-08T08:50:05","guid":{"rendered":"https:\/\/latinblonde.com\/?post_type=product&#038;p=1855"},"modified":"2024-12-12T06:13:59","modified_gmt":"2024-12-12T05:13:59","slug":"amino-care","status":"publish","type":"product","link":"https:\/\/latinblonde.com\/es\/producto\/amino-care\/","title":{"rendered":"AMINO CARE"},"content":{"rendered":"<p>La l\u00ednea de cuidado Home Care Amino esta indicada para uso diario en cabellos tratados qu\u00edmicamente y restaura la hidrataci\u00f3n necesaria para mejorar la salud perdida durante el alisado qu\u00edmico.<br \/>\nEl uso continuo de la l\u00ednea Amino Care tambi\u00e9n ayuda a prolongar el resultado que proporciona el tratamiento disciplinante y reconstructor de los amino\u00e1cidos, aportando suavidad y brillo.<\/p>","protected":false},"excerpt":{"rendered":"<p>La l\u00ednea de cuidado Home Care Amino esta indicada para uso diario en cabellos tratados qu\u00edmicamente y restaura la hidrataci\u00f3n necesaria para mejorar la salud perdida durante el alisado qu\u00edmico.<\/p>","protected":false},"featured_media":1806,"comment_status":"open","ping_status":"closed","template":"","meta":{"_uag_custom_page_level_css":"","site-sidebar-layout":"default","site-content-layout":"content-boxed-container","ast-site-content-layout":"normal-width-container","site-content-style":"boxed","site-sidebar-style":"unboxed","ast-global-header-display":"","ast-banner-title-visibility":"","ast-main-header-display":"","ast-hfb-above-header-display":"","ast-hfb-below-header-display":"","ast-hfb-mobile-header-display":"","site-post-title":"","ast-breadcrumbs-content":"","ast-featured-img":"","footer-sml-layout":"","theme-transparent-header-meta":"default","adv-header-id-meta":"","stick-header-meta":"","header-above-stick-meta":"","header-main-stick-meta":"","header-below-stick-meta":"","astra-migrate-meta-layouts":"set","ast-page-background-enabled":"default","ast-page-background-meta":{"desktop":{"background-color":"var(--ast-global-color-4)","background-image":"","background-repeat":"repeat","background-position":"center center","background-size":"auto","background-attachment":"scroll","background-type":"","background-media":"","overlay-type":"","overlay-color":"","overlay-gradient":""},"tablet":{"background-color":"","background-image":"","background-repeat":"repeat","background-position":"center center","background-size":"auto","background-attachment":"scroll","background-type":"","background-media":"","overlay-type":"","overlay-color":"","overlay-gradient":""},"mobile":{"background-color":"","background-image":"","background-repeat":"repeat","background-position":"center center","background-size":"auto","background-attachment":"scroll","background-type":"","background-media":"","overlay-type":"","overlay-color":"","overlay-gradient":""}},"ast-content-background-meta":{"desktop":{"background-color":"var(--ast-global-color-5)","background-image":"","background-repeat":"repeat","background-position":"center center","background-size":"auto","background-attachment":"scroll","background-type":"","background-media":"","overlay-type":"","overlay-color":"","overlay-gradient":""},"tablet":{"background-color":"var(--ast-global-color-5)","background-image":"","background-repeat":"repeat","background-position":"center center","background-size":"auto","background-attachment":"scroll","background-type":"","background-media":"","overlay-type":"","overlay-color":"","overlay-gradient":""},"mobile":{"background-color":"var(--ast-global-color-5)","background-image":"","background-repeat":"repeat","background-position":"center center","background-size":"auto","background-attachment":"scroll","background-type":"","background-media":"","overlay-type":"","overlay-color":"","overlay-gradient":""}},"_joinchat":[]},"product_brand":[],"product_cat":[22,25,24],"product_tag":[],"class_list":{"0":"post-1855","1":"product","2":"type-product","3":"status-publish","4":"has-post-thumbnail","6":"product_cat-home-care","7":"product_cat-mask","8":"product_cat-shampoo-acondicionador","9":"desktop-align-left","10":"tablet-align-left","11":"mobile-align-left","13":"first","14":"instock","15":"taxable","16":"shipping-taxable","17":"purchasable","18":"product-type-simple"},"uagb_featured_image_src":{"full":["https:\/\/latinblonde.com\/wp-content\/uploads\/2024\/05\/AMINO-CARE.jpg",800,800,false],"thumbnail":["https:\/\/latinblonde.com\/wp-content\/uploads\/2024\/05\/AMINO-CARE-150x150.jpg",150,150,true],"medium":["https:\/\/latinblonde.com\/wp-content\/uploads\/2024\/05\/AMINO-CARE-300x300.jpg",300,300,true],"medium_large":["https:\/\/latinblonde.com\/wp-content\/uploads\/2024\/05\/AMINO-CARE-768x768.jpg",768,768,true],"large":["https:\/\/latinblonde.com\/wp-content\/uploads\/2024\/05\/AMINO-CARE.jpg",800,800,false],"1536x1536":["https:\/\/latinblonde.com\/wp-content\/uploads\/2024\/05\/AMINO-CARE.jpg",800,800,false],"2048x2048":["https:\/\/latinblonde.com\/wp-content\/uploads\/2024\/05\/AMINO-CARE.jpg",800,800,false],"trp-custom-language-flag":["https:\/\/latinblonde.com\/wp-content\/uploads\/2024\/05\/AMINO-CARE.jpg",12,12,false],"woocommerce_thumbnail":["https:\/\/latinblonde.com\/wp-content\/uploads\/2024\/05\/AMINO-CARE-300x300.jpg",300,300,true],"woocommerce_single":["https:\/\/latinblonde.com\/wp-content\/uploads\/2024\/05\/AMINO-CARE-600x600.jpg",600,600,true],"woocommerce_gallery_thumbnail":["https:\/\/latinblonde.com\/wp-content\/uploads\/2024\/05\/AMINO-CARE-100x100.jpg",100,100,true]},"uagb_author_info":{"display_name":"adminlat","author_link":"https:\/\/latinblonde.com\/es\/author\/"},"uagb_comment_info":0,"uagb_excerpt":"The Home Care Amino Care line is indicated for daily use on chemically treated hair and restores the necessary hydration to improve the health lost during chemical straightening construction.","_links":{"self":[{"href":"https:\/\/latinblonde.com\/es\/wp-json\/wp\/v2\/product\/1855","targetHints":{"allow":["GET"]}}],"collection":[{"href":"https:\/\/latinblonde.com\/es\/wp-json\/wp\/v2\/product"}],"about":[{"href":"https:\/\/latinblonde.com\/es\/wp-json\/wp\/v2\/types\/product"}],"replies":[{"embeddable":true,"href":"https:\/\/latinblonde.com\/es\/wp-json\/wp\/v2\/comments?post=1855"}],"wp:featuredmedia":[{"embeddable":true,"href":"https:\/\/latinblonde.com\/es\/wp-json\/wp\/v2\/media\/1806"}],"wp:attachment":[{"href":"https:\/\/latinblonde.com\/es\/wp-json\/wp\/v2\/media?parent=1855"}],"wp:term":[{"taxonomy":"product_brand","embeddable":true,"href":"https:\/\/latinblonde.com\/es\/wp-json\/wp\/v2\/product_brand?post=1855"},{"taxonomy":"product_cat","embeddable":true,"href":"https:\/\/latinblonde.com\/es\/wp-json\/wp\/v2\/product_cat?post=1855"},{"taxonomy":"product_tag","embeddable":true,"href":"https:\/\/latinblonde.com\/es\/wp-json\/wp\/v2\/product_tag?post=1855"}],"curies":[{"name":"wp","href":"https:\/\/api.w.org\/{rel}","templated":true}]}}