{"id":1856,"date":"2024-05-08T10:52:00","date_gmt":"2024-05-08T08:52:00","guid":{"rendered":"https:\/\/latinblonde.com\/?post_type=product&#038;p=1856"},"modified":"2024-12-12T06:11:31","modified_gmt":"2024-12-12T05:11:31","slug":"plex-premium-latin-blonde","status":"publish","type":"product","link":"https:\/\/latinblonde.com\/es\/producto\/plex-premium-latin-blonde\/","title":{"rendered":"PLEX PREMIUM LATIN BLONDE"},"content":{"rendered":"<p>Uno de los productos mas seleccionados a la hora de recuperar el cabello da\u00f1ado. Esta compuesto por una mezcla de prote\u00ednas y amino\u00e1cidos que brindan los mas variados beneficios de reconstrucci\u00f3n capilar y es fundamental para evitar danos graves durante los procesos qu\u00edmicos.\nEl plex en polvo se puede utilizar junto con todos los procesos de coloraci\u00f3n y decoloraci\u00f3n del cabello.<\/p>","protected":false},"excerpt":{"rendered":"<p>Uno de los productos mas seleccionados a la hora de recuperar el cabello da\u00f1ado. Esta compuesto por una mezcla de prote\u00ednas y amino\u00e1cidos<\/p>","protected":false},"featured_media":1827,"comment_status":"open","ping_status":"closed","template":"","meta":{"_uag_custom_page_level_css":"","site-sidebar-layout":"default","site-content-layout":"content-boxed-container","ast-site-content-layout":"normal-width-container","site-content-style":"boxed","site-sidebar-style":"unboxed","ast-global-header-display":"","ast-banner-title-visibility":"","ast-main-header-display":"","ast-hfb-above-header-display":"","ast-hfb-below-header-display":"","ast-hfb-mobile-header-display":"","site-post-title":"","ast-breadcrumbs-content":"","ast-featured-img":"","footer-sml-layout":"","theme-transparent-header-meta":"default","adv-header-id-meta":"","stick-header-meta":"","header-above-stick-meta":"","header-main-stick-meta":"","header-below-stick-meta":"","astra-migrate-meta-layouts":"set","ast-page-background-enabled":"default","ast-page-background-meta":{"desktop":{"background-color":"var(--ast-global-color-4)","background-image":"","background-repeat":"repeat","background-position":"center center","background-size":"auto","background-attachment":"scroll","background-type":"","background-media":"","overlay-type":"","overlay-color":"","overlay-gradient":""},"tablet":{"background-color":"","background-image":"","background-repeat":"repeat","background-position":"center center","background-size":"auto","background-attachment":"scroll","background-type":"","background-media":"","overlay-type":"","overlay-color":"","overlay-gradient":""},"mobile":{"background-color":"","background-image":"","background-repeat":"repeat","background-position":"center center","background-size":"auto","background-attachment":"scroll","background-type":"","background-media":"","overlay-type":"","overlay-color":"","overlay-gradient":""}},"ast-content-background-meta":{"desktop":{"background-color":"var(--ast-global-color-5)","background-image":"","background-repeat":"repeat","background-position":"center center","background-size":"auto","background-attachment":"scroll","background-type":"","background-media":"","overlay-type":"","overlay-color":"","overlay-gradient":""},"tablet":{"background-color":"var(--ast-global-color-5)","background-image":"","background-repeat":"repeat","background-position":"center center","background-size":"auto","background-attachment":"scroll","background-type":"","background-media":"","overlay-type":"","overlay-color":"","overlay-gradient":""},"mobile":{"background-color":"var(--ast-global-color-5)","background-image":"","background-repeat":"repeat","background-position":"center center","background-size":"auto","background-attachment":"scroll","background-type":"","background-media":"","overlay-type":"","overlay-color":"","overlay-gradient":""}},"_joinchat":[]},"product_brand":[],"product_cat":[18,21],"product_tag":[],"class_list":{"0":"post-1856","1":"product","2":"type-product","3":"status-publish","4":"has-post-thumbnail","6":"product_cat-sin-categorizar","7":"product_cat-salon-products","8":"desktop-align-left","9":"tablet-align-left","10":"mobile-align-left","12":"first","13":"instock","14":"taxable","15":"shipping-taxable","16":"purchasable","17":"product-type-simple"},"uagb_featured_image_src":{"full":["https:\/\/latinblonde.com\/wp-content\/uploads\/2024\/05\/PLEX-PREMIUM-LATIN-BLONDE.jpg",608,608,false],"thumbnail":["https:\/\/latinblonde.com\/wp-content\/uploads\/2024\/05\/PLEX-PREMIUM-LATIN-BLONDE-150x150.jpg",150,150,true],"medium":["https:\/\/latinblonde.com\/wp-content\/uploads\/2024\/05\/PLEX-PREMIUM-LATIN-BLONDE-300x300.jpg",300,300,true],"medium_large":["https:\/\/latinblonde.com\/wp-content\/uploads\/2024\/05\/PLEX-PREMIUM-LATIN-BLONDE.jpg",608,608,false],"large":["https:\/\/latinblonde.com\/wp-content\/uploads\/2024\/05\/PLEX-PREMIUM-LATIN-BLONDE.jpg",608,608,false],"1536x1536":["https:\/\/latinblonde.com\/wp-content\/uploads\/2024\/05\/PLEX-PREMIUM-LATIN-BLONDE.jpg",608,608,false],"2048x2048":["https:\/\/latinblonde.com\/wp-content\/uploads\/2024\/05\/PLEX-PREMIUM-LATIN-BLONDE.jpg",608,608,false],"trp-custom-language-flag":["https:\/\/latinblonde.com\/wp-content\/uploads\/2024\/05\/PLEX-PREMIUM-LATIN-BLONDE.jpg",12,12,false],"woocommerce_thumbnail":["https:\/\/latinblonde.com\/wp-content\/uploads\/2024\/05\/PLEX-PREMIUM-LATIN-BLONDE-300x300.jpg",300,300,true],"woocommerce_single":["https:\/\/latinblonde.com\/wp-content\/uploads\/2024\/05\/PLEX-PREMIUM-LATIN-BLONDE-600x600.jpg",600,600,true],"woocommerce_gallery_thumbnail":["https:\/\/latinblonde.com\/wp-content\/uploads\/2024\/05\/PLEX-PREMIUM-LATIN-BLONDE-100x100.jpg",100,100,true]},"uagb_author_info":{"display_name":"adminlat","author_link":"https:\/\/latinblonde.com\/es\/author\/"},"uagb_comment_info":0,"uagb_excerpt":"One of the most selected products when it comes to recovering damaged hair. It is composed of a mixture of proteins and amino acids.","_links":{"self":[{"href":"https:\/\/latinblonde.com\/es\/wp-json\/wp\/v2\/product\/1856","targetHints":{"allow":["GET"]}}],"collection":[{"href":"https:\/\/latinblonde.com\/es\/wp-json\/wp\/v2\/product"}],"about":[{"href":"https:\/\/latinblonde.com\/es\/wp-json\/wp\/v2\/types\/product"}],"replies":[{"embeddable":true,"href":"https:\/\/latinblonde.com\/es\/wp-json\/wp\/v2\/comments?post=1856"}],"wp:featuredmedia":[{"embeddable":true,"href":"https:\/\/latinblonde.com\/es\/wp-json\/wp\/v2\/media\/1827"}],"wp:attachment":[{"href":"https:\/\/latinblonde.com\/es\/wp-json\/wp\/v2\/media?parent=1856"}],"wp:term":[{"taxonomy":"product_brand","embeddable":true,"href":"https:\/\/latinblonde.com\/es\/wp-json\/wp\/v2\/product_brand?post=1856"},{"taxonomy":"product_cat","embeddable":true,"href":"https:\/\/latinblonde.com\/es\/wp-json\/wp\/v2\/product_cat?post=1856"},{"taxonomy":"product_tag","embeddable":true,"href":"https:\/\/latinblonde.com\/es\/wp-json\/wp\/v2\/product_tag?post=1856"}],"curies":[{"name":"wp","href":"https:\/\/api.w.org\/{rel}","templated":true}]}}