{"id":1857,"date":"2024-05-08T10:54:16","date_gmt":"2024-05-08T08:54:16","guid":{"rendered":"https:\/\/latinblonde.com\/?post_type=product&#038;p=1857"},"modified":"2025-11-20T01:43:25","modified_gmt":"2025-11-20T00:43:25","slug":"super-blonde-plex","status":"publish","type":"product","link":"https:\/\/latinblonde.com\/es\/producto\/super-blonde-plex\/","title":{"rendered":"SUPER BLONDE PLEX"},"content":{"rendered":"<p>Super Blonde Plex fue desarrollado especialmente para la hidrataci\u00f3n y reconstrucci\u00f3n del cabello quebradizo y seco y deja el cabello con un aspecto super suave.<br \/>\nPosee nanoparticulas de Sericina cati\u00f3nica que reponen la masa proteica y favorecen el sellado de las cut\u00edculas da\u00f1adas y un excepcional aspecto de tela de ara\u00f1a para una protecci\u00f3n completa del cabello.\nTiene alta afinidad con la Queratina presente en el cabello, lo que mantiene los hilos alineados, suaves, brillantes y super suaves.<\/p>","protected":false},"excerpt":{"rendered":"<p>Super Blonde Plex fue desarrollado especialmente para la hidrataci\u00f3n y reconstrucci\u00f3n del cabello quebradizo y seco y deja el cabello con un aspecto super suave.<\/p>","protected":false},"featured_media":1832,"comment_status":"open","ping_status":"closed","template":"","meta":{"_uag_custom_page_level_css":"","site-sidebar-layout":"default","site-content-layout":"content-boxed-container","ast-site-content-layout":"normal-width-container","site-content-style":"boxed","site-sidebar-style":"unboxed","ast-global-header-display":"","ast-banner-title-visibility":"","ast-main-header-display":"","ast-hfb-above-header-display":"","ast-hfb-below-header-display":"","ast-hfb-mobile-header-display":"","site-post-title":"","ast-breadcrumbs-content":"","ast-featured-img":"","footer-sml-layout":"","theme-transparent-header-meta":"default","adv-header-id-meta":"","stick-header-meta":"","header-above-stick-meta":"","header-main-stick-meta":"","header-below-stick-meta":"","astra-migrate-meta-layouts":"set","ast-page-background-enabled":"default","ast-page-background-meta":{"desktop":{"background-color":"var(--ast-global-color-4)","background-image":"","background-repeat":"repeat","background-position":"center center","background-size":"auto","background-attachment":"scroll","background-type":"","background-media":"","overlay-type":"","overlay-color":"","overlay-gradient":""},"tablet":{"background-color":"","background-image":"","background-repeat":"repeat","background-position":"center center","background-size":"auto","background-attachment":"scroll","background-type":"","background-media":"","overlay-type":"","overlay-color":"","overlay-gradient":""},"mobile":{"background-color":"","background-image":"","background-repeat":"repeat","background-position":"center center","background-size":"auto","background-attachment":"scroll","background-type":"","background-media":"","overlay-type":"","overlay-color":"","overlay-gradient":""}},"ast-content-background-meta":{"desktop":{"background-color":"var(--ast-global-color-5)","background-image":"","background-repeat":"repeat","background-position":"center center","background-size":"auto","background-attachment":"scroll","background-type":"","background-media":"","overlay-type":"","overlay-color":"","overlay-gradient":""},"tablet":{"background-color":"var(--ast-global-color-5)","background-image":"","background-repeat":"repeat","background-position":"center center","background-size":"auto","background-attachment":"scroll","background-type":"","background-media":"","overlay-type":"","overlay-color":"","overlay-gradient":""},"mobile":{"background-color":"var(--ast-global-color-5)","background-image":"","background-repeat":"repeat","background-position":"center center","background-size":"auto","background-attachment":"scroll","background-type":"","background-media":"","overlay-type":"","overlay-color":"","overlay-gradient":""}},"_joinchat":[]},"product_brand":[],"product_cat":[18,21],"product_tag":[],"class_list":{"0":"post-1857","1":"product","2":"type-product","3":"status-publish","4":"has-post-thumbnail","6":"product_cat-sin-categorizar","7":"product_cat-salon-products","8":"desktop-align-left","9":"tablet-align-left","10":"mobile-align-left","12":"first","13":"instock","14":"taxable","15":"shipping-taxable","16":"purchasable","17":"product-type-simple"},"uagb_featured_image_src":{"full":["https:\/\/latinblonde.com\/wp-content\/uploads\/2024\/05\/SUPER-BLONDE-PLEX.jpg",660,660,false],"thumbnail":["https:\/\/latinblonde.com\/wp-content\/uploads\/2024\/05\/SUPER-BLONDE-PLEX-150x150.jpg",150,150,true],"medium":["https:\/\/latinblonde.com\/wp-content\/uploads\/2024\/05\/SUPER-BLONDE-PLEX-300x300.jpg",300,300,true],"medium_large":["https:\/\/latinblonde.com\/wp-content\/uploads\/2024\/05\/SUPER-BLONDE-PLEX.jpg",660,660,false],"large":["https:\/\/latinblonde.com\/wp-content\/uploads\/2024\/05\/SUPER-BLONDE-PLEX.jpg",660,660,false],"1536x1536":["https:\/\/latinblonde.com\/wp-content\/uploads\/2024\/05\/SUPER-BLONDE-PLEX.jpg",660,660,false],"2048x2048":["https:\/\/latinblonde.com\/wp-content\/uploads\/2024\/05\/SUPER-BLONDE-PLEX.jpg",660,660,false],"trp-custom-language-flag":["https:\/\/latinblonde.com\/wp-content\/uploads\/2024\/05\/SUPER-BLONDE-PLEX.jpg",12,12,false],"woocommerce_thumbnail":["https:\/\/latinblonde.com\/wp-content\/uploads\/2024\/05\/SUPER-BLONDE-PLEX-300x300.jpg",300,300,true],"woocommerce_single":["https:\/\/latinblonde.com\/wp-content\/uploads\/2024\/05\/SUPER-BLONDE-PLEX-600x600.jpg",600,600,true],"woocommerce_gallery_thumbnail":["https:\/\/latinblonde.com\/wp-content\/uploads\/2024\/05\/SUPER-BLONDE-PLEX-100x100.jpg",100,100,true]},"uagb_author_info":{"display_name":"adminlat","author_link":"https:\/\/latinblonde.com\/es\/author\/"},"uagb_comment_info":9,"uagb_excerpt":"Super Blonde Plex was specially developed for moisturizing and rebuilding dry, brittle hair and leaves hair looking super soft.","_links":{"self":[{"href":"https:\/\/latinblonde.com\/es\/wp-json\/wp\/v2\/product\/1857","targetHints":{"allow":["GET"]}}],"collection":[{"href":"https:\/\/latinblonde.com\/es\/wp-json\/wp\/v2\/product"}],"about":[{"href":"https:\/\/latinblonde.com\/es\/wp-json\/wp\/v2\/types\/product"}],"replies":[{"embeddable":true,"href":"https:\/\/latinblonde.com\/es\/wp-json\/wp\/v2\/comments?post=1857"}],"wp:featuredmedia":[{"embeddable":true,"href":"https:\/\/latinblonde.com\/es\/wp-json\/wp\/v2\/media\/1832"}],"wp:attachment":[{"href":"https:\/\/latinblonde.com\/es\/wp-json\/wp\/v2\/media?parent=1857"}],"wp:term":[{"taxonomy":"product_brand","embeddable":true,"href":"https:\/\/latinblonde.com\/es\/wp-json\/wp\/v2\/product_brand?post=1857"},{"taxonomy":"product_cat","embeddable":true,"href":"https:\/\/latinblonde.com\/es\/wp-json\/wp\/v2\/product_cat?post=1857"},{"taxonomy":"product_tag","embeddable":true,"href":"https:\/\/latinblonde.com\/es\/wp-json\/wp\/v2\/product_tag?post=1857"}],"curies":[{"name":"wp","href":"https:\/\/api.w.org\/{rel}","templated":true}]}}