{"id":1859,"date":"2024-05-08T10:58:25","date_gmt":"2024-05-08T08:58:25","guid":{"rendered":"https:\/\/latinblonde.com\/?post_type=product&#038;p=1859"},"modified":"2026-01-22T18:19:13","modified_gmt":"2026-01-22T17:19:13","slug":"linea-galon-latin-blonde","status":"publish","type":"product","link":"https:\/\/latinblonde.com\/es\/producto\/linea-galon-latin-blonde\/","title":{"rendered":"LINEA GAL\u00d3N LATIN BLONDE"},"content":{"rendered":"<p>La L\u00ednea Gal\u00f3n de Latin Blonde esta indicada para cabellos tratados qu\u00edmicamente ya que repone sustancias necesarias para la salud de las hebras que se perdieron durante los tratamientos de procesos qu\u00edmicos.<br \/>\nProductos profesionales desarrollados con materias primas de alta calidad que limpian y cuidan la salud de los hilos en el tama\u00f1o ideal para maximizar el rendimiento de tus procesos diarios.<\/p>","protected":false},"excerpt":{"rendered":"<p>La L\u00ednea Gal\u00f3n de Latin Blonde esta indicada para cabellos tratados qu\u00edmicamente ya que repone sustancias necesarias para la salud de las hebras que se perdieron durante los tratamientos de procesos qu\u00edmicos.<\/p>","protected":false},"featured_media":1823,"comment_status":"open","ping_status":"closed","template":"","meta":{"_uag_custom_page_level_css":"","site-sidebar-layout":"default","site-content-layout":"content-boxed-container","ast-site-content-layout":"normal-width-container","site-content-style":"boxed","site-sidebar-style":"unboxed","ast-global-header-display":"","ast-banner-title-visibility":"","ast-main-header-display":"","ast-hfb-above-header-display":"","ast-hfb-below-header-display":"","ast-hfb-mobile-header-display":"","site-post-title":"","ast-breadcrumbs-content":"","ast-featured-img":"","footer-sml-layout":"","theme-transparent-header-meta":"default","adv-header-id-meta":"","stick-header-meta":"","header-above-stick-meta":"","header-main-stick-meta":"","header-below-stick-meta":"","astra-migrate-meta-layouts":"set","ast-page-background-enabled":"default","ast-page-background-meta":{"desktop":{"background-color":"var(--ast-global-color-4)","background-image":"","background-repeat":"repeat","background-position":"center center","background-size":"auto","background-attachment":"scroll","background-type":"","background-media":"","overlay-type":"","overlay-color":"","overlay-gradient":""},"tablet":{"background-color":"","background-image":"","background-repeat":"repeat","background-position":"center center","background-size":"auto","background-attachment":"scroll","background-type":"","background-media":"","overlay-type":"","overlay-color":"","overlay-gradient":""},"mobile":{"background-color":"","background-image":"","background-repeat":"repeat","background-position":"center center","background-size":"auto","background-attachment":"scroll","background-type":"","background-media":"","overlay-type":"","overlay-color":"","overlay-gradient":""}},"ast-content-background-meta":{"desktop":{"background-color":"var(--ast-global-color-5)","background-image":"","background-repeat":"repeat","background-position":"center center","background-size":"auto","background-attachment":"scroll","background-type":"","background-media":"","overlay-type":"","overlay-color":"","overlay-gradient":""},"tablet":{"background-color":"var(--ast-global-color-5)","background-image":"","background-repeat":"repeat","background-position":"center center","background-size":"auto","background-attachment":"scroll","background-type":"","background-media":"","overlay-type":"","overlay-color":"","overlay-gradient":""},"mobile":{"background-color":"var(--ast-global-color-5)","background-image":"","background-repeat":"repeat","background-position":"center center","background-size":"auto","background-attachment":"scroll","background-type":"","background-media":"","overlay-type":"","overlay-color":"","overlay-gradient":""}},"_joinchat":[]},"product_brand":[],"product_cat":[18,21,24],"product_tag":[],"class_list":{"0":"post-1859","1":"product","2":"type-product","3":"status-publish","4":"has-post-thumbnail","6":"product_cat-sin-categorizar","7":"product_cat-salon-products","8":"product_cat-shampoo-acondicionador","9":"desktop-align-left","10":"tablet-align-left","11":"mobile-align-left","13":"first","14":"instock","15":"taxable","16":"shipping-taxable","17":"purchasable","18":"product-type-simple"},"uagb_featured_image_src":{"full":["https:\/\/latinblonde.com\/wp-content\/uploads\/2024\/05\/LINEA-GALON-LATIN-BLONDE.jpg",865,865,false],"thumbnail":["https:\/\/latinblonde.com\/wp-content\/uploads\/2024\/05\/LINEA-GALON-LATIN-BLONDE-150x150.jpg",150,150,true],"medium":["https:\/\/latinblonde.com\/wp-content\/uploads\/2024\/05\/LINEA-GALON-LATIN-BLONDE-300x300.jpg",300,300,true],"medium_large":["https:\/\/latinblonde.com\/wp-content\/uploads\/2024\/05\/LINEA-GALON-LATIN-BLONDE-768x768.jpg",768,768,true],"large":["https:\/\/latinblonde.com\/wp-content\/uploads\/2024\/05\/LINEA-GALON-LATIN-BLONDE.jpg",865,865,false],"1536x1536":["https:\/\/latinblonde.com\/wp-content\/uploads\/2024\/05\/LINEA-GALON-LATIN-BLONDE.jpg",865,865,false],"2048x2048":["https:\/\/latinblonde.com\/wp-content\/uploads\/2024\/05\/LINEA-GALON-LATIN-BLONDE.jpg",865,865,false],"trp-custom-language-flag":["https:\/\/latinblonde.com\/wp-content\/uploads\/2024\/05\/LINEA-GALON-LATIN-BLONDE.jpg",12,12,false],"woocommerce_thumbnail":["https:\/\/latinblonde.com\/wp-content\/uploads\/2024\/05\/LINEA-GALON-LATIN-BLONDE-300x300.jpg",300,300,true],"woocommerce_single":["https:\/\/latinblonde.com\/wp-content\/uploads\/2024\/05\/LINEA-GALON-LATIN-BLONDE-600x600.jpg",600,600,true],"woocommerce_gallery_thumbnail":["https:\/\/latinblonde.com\/wp-content\/uploads\/2024\/05\/LINEA-GALON-LATIN-BLONDE-100x100.jpg",100,100,true]},"uagb_author_info":{"display_name":"adminlat","author_link":"https:\/\/latinblonde.com\/es\/author\/"},"uagb_comment_info":11,"uagb_excerpt":"The Gal\u00f3n de Latin Blonde line is indicated for chemically treated hair since it replenishes substances necessary for the health of the strands that were lost during chemical process treatments.","_links":{"self":[{"href":"https:\/\/latinblonde.com\/es\/wp-json\/wp\/v2\/product\/1859","targetHints":{"allow":["GET"]}}],"collection":[{"href":"https:\/\/latinblonde.com\/es\/wp-json\/wp\/v2\/product"}],"about":[{"href":"https:\/\/latinblonde.com\/es\/wp-json\/wp\/v2\/types\/product"}],"replies":[{"embeddable":true,"href":"https:\/\/latinblonde.com\/es\/wp-json\/wp\/v2\/comments?post=1859"}],"wp:featuredmedia":[{"embeddable":true,"href":"https:\/\/latinblonde.com\/es\/wp-json\/wp\/v2\/media\/1823"}],"wp:attachment":[{"href":"https:\/\/latinblonde.com\/es\/wp-json\/wp\/v2\/media?parent=1859"}],"wp:term":[{"taxonomy":"product_brand","embeddable":true,"href":"https:\/\/latinblonde.com\/es\/wp-json\/wp\/v2\/product_brand?post=1859"},{"taxonomy":"product_cat","embeddable":true,"href":"https:\/\/latinblonde.com\/es\/wp-json\/wp\/v2\/product_cat?post=1859"},{"taxonomy":"product_tag","embeddable":true,"href":"https:\/\/latinblonde.com\/es\/wp-json\/wp\/v2\/product_tag?post=1859"}],"curies":[{"name":"wp","href":"https:\/\/api.w.org\/{rel}","templated":true}]}}