{"id":339,"date":"2024-05-03T09:51:40","date_gmt":"2024-05-03T07:51:40","guid":{"rendered":"https:\/\/latinblonde.com\/producto\/almond-milk-lotion\/"},"modified":"2024-12-12T07:03:10","modified_gmt":"2024-12-12T06:03:10","slug":"lb-rituals","status":"publish","type":"product","link":"https:\/\/latinblonde.com\/es\/producto\/lb-rituals\/","title":{"rendered":"LB RITUALS"},"content":{"rendered":"<p>La L\u00ednea Anti-Dandruff LB Rituals es perfecta para combatir y prevenir la caspa y la descamaci\u00f3n excesiva del cuero cabelludo. Se forma un complejo desarrollado a partir de extractos de plantas, \u00e1cido salic\u00edlico y clorofila, que act\u00faan en sinergia para brindar salud al cabello y al cuero cabelludo.\nCon el uso diario ayuda a eliminar la caspa y previene su reaparici\u00f3n. Hidrata y protege el cuero cabelludo, previene la sequedad, la irritaci\u00f3n y el picor asociados a la caspa. Indicado para todo tipo de cabello.<\/p>","protected":false},"excerpt":{"rendered":"<p>La L\u00ednea Anti-Dandruff LB Rituals es perfecta para combatir y prevenir la caspa y la descamaci\u00f3n excesiva del cuero cabelludo.<\/p>","protected":false},"featured_media":1822,"comment_status":"open","ping_status":"closed","template":"","meta":{"_uag_custom_page_level_css":"","site-sidebar-layout":"default","site-content-layout":"content-boxed-container","ast-site-content-layout":"normal-width-container","site-content-style":"boxed","site-sidebar-style":"unboxed","ast-global-header-display":"","ast-banner-title-visibility":"","ast-main-header-display":"","ast-hfb-above-header-display":"","ast-hfb-below-header-display":"","ast-hfb-mobile-header-display":"","site-post-title":"","ast-breadcrumbs-content":"","ast-featured-img":"","footer-sml-layout":"","theme-transparent-header-meta":"default","adv-header-id-meta":"","stick-header-meta":"","header-above-stick-meta":"","header-main-stick-meta":"","header-below-stick-meta":"","astra-migrate-meta-layouts":"set","ast-page-background-enabled":"default","ast-page-background-meta":{"desktop":{"background-color":"var(--ast-global-color-4)","background-image":"","background-repeat":"repeat","background-position":"center center","background-size":"auto","background-attachment":"scroll","background-type":"","background-media":"","overlay-type":"","overlay-color":"","overlay-gradient":""},"tablet":{"background-color":"","background-image":"","background-repeat":"repeat","background-position":"center center","background-size":"auto","background-attachment":"scroll","background-type":"","background-media":"","overlay-type":"","overlay-color":"","overlay-gradient":""},"mobile":{"background-color":"","background-image":"","background-repeat":"repeat","background-position":"center center","background-size":"auto","background-attachment":"scroll","background-type":"","background-media":"","overlay-type":"","overlay-color":"","overlay-gradient":""}},"ast-content-background-meta":{"desktop":{"background-color":"var(--ast-global-color-5)","background-image":"","background-repeat":"repeat","background-position":"center center","background-size":"auto","background-attachment":"scroll","background-type":"","background-media":"","overlay-type":"","overlay-color":"","overlay-gradient":""},"tablet":{"background-color":"var(--ast-global-color-5)","background-image":"","background-repeat":"repeat","background-position":"center center","background-size":"auto","background-attachment":"scroll","background-type":"","background-media":"","overlay-type":"","overlay-color":"","overlay-gradient":""},"mobile":{"background-color":"var(--ast-global-color-5)","background-image":"","background-repeat":"repeat","background-position":"center center","background-size":"auto","background-attachment":"scroll","background-type":"","background-media":"","overlay-type":"","overlay-color":"","overlay-gradient":""}},"_joinchat":[]},"product_brand":[],"product_cat":[18,22,24],"product_tag":[],"class_list":{"0":"post-339","1":"product","2":"type-product","3":"status-publish","4":"has-post-thumbnail","6":"product_cat-sin-categorizar","7":"product_cat-home-care","8":"product_cat-shampoo-acondicionador","9":"desktop-align-left","10":"tablet-align-left","11":"mobile-align-left","13":"first","14":"instock","15":"taxable","16":"shipping-taxable","17":"purchasable","18":"product-type-simple"},"uagb_featured_image_src":{"full":["https:\/\/latinblonde.com\/wp-content\/uploads\/2024\/05\/LB-RITUALS.jpg",678,678,false],"thumbnail":["https:\/\/latinblonde.com\/wp-content\/uploads\/2024\/05\/LB-RITUALS-150x150.jpg",150,150,true],"medium":["https:\/\/latinblonde.com\/wp-content\/uploads\/2024\/05\/LB-RITUALS-300x300.jpg",300,300,true],"medium_large":["https:\/\/latinblonde.com\/wp-content\/uploads\/2024\/05\/LB-RITUALS.jpg",678,678,false],"large":["https:\/\/latinblonde.com\/wp-content\/uploads\/2024\/05\/LB-RITUALS.jpg",678,678,false],"1536x1536":["https:\/\/latinblonde.com\/wp-content\/uploads\/2024\/05\/LB-RITUALS.jpg",678,678,false],"2048x2048":["https:\/\/latinblonde.com\/wp-content\/uploads\/2024\/05\/LB-RITUALS.jpg",678,678,false],"trp-custom-language-flag":["https:\/\/latinblonde.com\/wp-content\/uploads\/2024\/05\/LB-RITUALS.jpg",12,12,false],"woocommerce_thumbnail":["https:\/\/latinblonde.com\/wp-content\/uploads\/2024\/05\/LB-RITUALS-300x300.jpg",300,300,true],"woocommerce_single":["https:\/\/latinblonde.com\/wp-content\/uploads\/2024\/05\/LB-RITUALS-600x600.jpg",600,600,true],"woocommerce_gallery_thumbnail":["https:\/\/latinblonde.com\/wp-content\/uploads\/2024\/05\/LB-RITUALS-100x100.jpg",100,100,true]},"uagb_author_info":{"display_name":"adminlat","author_link":"https:\/\/latinblonde.com\/es\/author\/"},"uagb_comment_info":0,"uagb_excerpt":"The LB Rituals Anti-Dandruff Line is perfect for combating and preventing dandruff and excessive scalp flaking.","_links":{"self":[{"href":"https:\/\/latinblonde.com\/es\/wp-json\/wp\/v2\/product\/339","targetHints":{"allow":["GET"]}}],"collection":[{"href":"https:\/\/latinblonde.com\/es\/wp-json\/wp\/v2\/product"}],"about":[{"href":"https:\/\/latinblonde.com\/es\/wp-json\/wp\/v2\/types\/product"}],"replies":[{"embeddable":true,"href":"https:\/\/latinblonde.com\/es\/wp-json\/wp\/v2\/comments?post=339"}],"wp:featuredmedia":[{"embeddable":true,"href":"https:\/\/latinblonde.com\/es\/wp-json\/wp\/v2\/media\/1822"}],"wp:attachment":[{"href":"https:\/\/latinblonde.com\/es\/wp-json\/wp\/v2\/media?parent=339"}],"wp:term":[{"taxonomy":"product_brand","embeddable":true,"href":"https:\/\/latinblonde.com\/es\/wp-json\/wp\/v2\/product_brand?post=339"},{"taxonomy":"product_cat","embeddable":true,"href":"https:\/\/latinblonde.com\/es\/wp-json\/wp\/v2\/product_cat?post=339"},{"taxonomy":"product_tag","embeddable":true,"href":"https:\/\/latinblonde.com\/es\/wp-json\/wp\/v2\/product_tag?post=339"}],"curies":[{"name":"wp","href":"https:\/\/api.w.org\/{rel}","templated":true}]}}