{"id":340,"date":"2024-05-03T09:51:40","date_gmt":"2024-05-03T07:51:40","guid":{"rendered":"https:\/\/latinblonde.com\/producto\/refreshing-cleansing-balm\/"},"modified":"2024-12-12T07:00:10","modified_gmt":"2024-12-12T06:00:10","slug":"lb-rituals-anti-hair-loss","status":"publish","type":"product","link":"https:\/\/latinblonde.com\/es\/producto\/lb-rituals-anti-hair-loss\/","title":{"rendered":"LB RITUALS  ANTI-HAIR LOSS"},"content":{"rendered":"<p>La l\u00ednea LB Rituals fue desarrollada con activos para fortalecer y combatir la ca\u00edda del cabello. El uso diario mejora la energ\u00eda celular y protege los fol\u00edculos contra el estr\u00e9s oxidativo y la senescencia (envejecimiento), aumentando as\u00ed el crecimiento y la densidad del cabello, disminuyendo la ca\u00edda del cabello, not\u00e1ndose visiblemente una mejor\u00eda en la cantidad y calidad del cabello.\nLB Rituals es una combinaci\u00f3n de tres plantas capaces de mejorar la energ\u00eda celular, activar las c\u00e9lulas madre foliculares y proteger contra el envejecimiento del cabello. De esta forma, combate visiblemente la ca\u00edda del cabello<\/p>","protected":false},"excerpt":{"rendered":"<p>La l\u00ednea LB Rituals fue desarrollada con activos para fortalecer y combatir la ca\u00edda del cabello.<\/p>","protected":false},"featured_media":1821,"comment_status":"open","ping_status":"closed","template":"","meta":{"_uag_custom_page_level_css":"","site-sidebar-layout":"default","site-content-layout":"content-boxed-container","ast-site-content-layout":"normal-width-container","site-content-style":"boxed","site-sidebar-style":"unboxed","ast-global-header-display":"","ast-banner-title-visibility":"","ast-main-header-display":"","ast-hfb-above-header-display":"","ast-hfb-below-header-display":"","ast-hfb-mobile-header-display":"","site-post-title":"","ast-breadcrumbs-content":"","ast-featured-img":"","footer-sml-layout":"","theme-transparent-header-meta":"default","adv-header-id-meta":"","stick-header-meta":"","header-above-stick-meta":"","header-main-stick-meta":"","header-below-stick-meta":"","astra-migrate-meta-layouts":"set","ast-page-background-enabled":"default","ast-page-background-meta":{"desktop":{"background-color":"var(--ast-global-color-4)","background-image":"","background-repeat":"repeat","background-position":"center center","background-size":"auto","background-attachment":"scroll","background-type":"","background-media":"","overlay-type":"","overlay-color":"","overlay-gradient":""},"tablet":{"background-color":"","background-image":"","background-repeat":"repeat","background-position":"center center","background-size":"auto","background-attachment":"scroll","background-type":"","background-media":"","overlay-type":"","overlay-color":"","overlay-gradient":""},"mobile":{"background-color":"","background-image":"","background-repeat":"repeat","background-position":"center center","background-size":"auto","background-attachment":"scroll","background-type":"","background-media":"","overlay-type":"","overlay-color":"","overlay-gradient":""}},"ast-content-background-meta":{"desktop":{"background-color":"var(--ast-global-color-5)","background-image":"","background-repeat":"repeat","background-position":"center center","background-size":"auto","background-attachment":"scroll","background-type":"","background-media":"","overlay-type":"","overlay-color":"","overlay-gradient":""},"tablet":{"background-color":"var(--ast-global-color-5)","background-image":"","background-repeat":"repeat","background-position":"center center","background-size":"auto","background-attachment":"scroll","background-type":"","background-media":"","overlay-type":"","overlay-color":"","overlay-gradient":""},"mobile":{"background-color":"var(--ast-global-color-5)","background-image":"","background-repeat":"repeat","background-position":"center center","background-size":"auto","background-attachment":"scroll","background-type":"","background-media":"","overlay-type":"","overlay-color":"","overlay-gradient":""}},"_joinchat":[]},"product_brand":[],"product_cat":[18,22,24],"product_tag":[],"class_list":{"0":"post-340","1":"product","2":"type-product","3":"status-publish","4":"has-post-thumbnail","6":"product_cat-sin-categorizar","7":"product_cat-home-care","8":"product_cat-shampoo-acondicionador","9":"desktop-align-left","10":"tablet-align-left","11":"mobile-align-left","13":"first","14":"instock","15":"taxable","16":"shipping-taxable","17":"purchasable","18":"product-type-simple"},"uagb_featured_image_src":{"full":["https:\/\/latinblonde.com\/wp-content\/uploads\/2024\/05\/LB-RITUALS-\u2014-ANTI-HAIR-LOSS.jpg",699,699,false],"thumbnail":["https:\/\/latinblonde.com\/wp-content\/uploads\/2024\/05\/LB-RITUALS-\u2014-ANTI-HAIR-LOSS-150x150.jpg",150,150,true],"medium":["https:\/\/latinblonde.com\/wp-content\/uploads\/2024\/05\/LB-RITUALS-\u2014-ANTI-HAIR-LOSS-300x300.jpg",300,300,true],"medium_large":["https:\/\/latinblonde.com\/wp-content\/uploads\/2024\/05\/LB-RITUALS-\u2014-ANTI-HAIR-LOSS.jpg",699,699,false],"large":["https:\/\/latinblonde.com\/wp-content\/uploads\/2024\/05\/LB-RITUALS-\u2014-ANTI-HAIR-LOSS.jpg",699,699,false],"1536x1536":["https:\/\/latinblonde.com\/wp-content\/uploads\/2024\/05\/LB-RITUALS-\u2014-ANTI-HAIR-LOSS.jpg",699,699,false],"2048x2048":["https:\/\/latinblonde.com\/wp-content\/uploads\/2024\/05\/LB-RITUALS-\u2014-ANTI-HAIR-LOSS.jpg",699,699,false],"trp-custom-language-flag":["https:\/\/latinblonde.com\/wp-content\/uploads\/2024\/05\/LB-RITUALS-\u2014-ANTI-HAIR-LOSS.jpg",12,12,false],"woocommerce_thumbnail":["https:\/\/latinblonde.com\/wp-content\/uploads\/2024\/05\/LB-RITUALS-\u2014-ANTI-HAIR-LOSS-300x300.jpg",300,300,true],"woocommerce_single":["https:\/\/latinblonde.com\/wp-content\/uploads\/2024\/05\/LB-RITUALS-\u2014-ANTI-HAIR-LOSS-600x600.jpg",600,600,true],"woocommerce_gallery_thumbnail":["https:\/\/latinblonde.com\/wp-content\/uploads\/2024\/05\/LB-RITUALS-\u2014-ANTI-HAIR-LOSS-100x100.jpg",100,100,true]},"uagb_author_info":{"display_name":"adminlat","author_link":"https:\/\/latinblonde.com\/es\/author\/"},"uagb_comment_info":0,"uagb_excerpt":"The LB Rituals Anti-Hair Loss Line was developed with actives to strengthen and combat hair loss in all hair types.","_links":{"self":[{"href":"https:\/\/latinblonde.com\/es\/wp-json\/wp\/v2\/product\/340","targetHints":{"allow":["GET"]}}],"collection":[{"href":"https:\/\/latinblonde.com\/es\/wp-json\/wp\/v2\/product"}],"about":[{"href":"https:\/\/latinblonde.com\/es\/wp-json\/wp\/v2\/types\/product"}],"replies":[{"embeddable":true,"href":"https:\/\/latinblonde.com\/es\/wp-json\/wp\/v2\/comments?post=340"}],"wp:featuredmedia":[{"embeddable":true,"href":"https:\/\/latinblonde.com\/es\/wp-json\/wp\/v2\/media\/1821"}],"wp:attachment":[{"href":"https:\/\/latinblonde.com\/es\/wp-json\/wp\/v2\/media?parent=340"}],"wp:term":[{"taxonomy":"product_brand","embeddable":true,"href":"https:\/\/latinblonde.com\/es\/wp-json\/wp\/v2\/product_brand?post=340"},{"taxonomy":"product_cat","embeddable":true,"href":"https:\/\/latinblonde.com\/es\/wp-json\/wp\/v2\/product_cat?post=340"},{"taxonomy":"product_tag","embeddable":true,"href":"https:\/\/latinblonde.com\/es\/wp-json\/wp\/v2\/product_tag?post=340"}],"curies":[{"name":"wp","href":"https:\/\/api.w.org\/{rel}","templated":true}]}}