{"id":341,"date":"2024-05-03T09:51:40","date_gmt":"2024-05-03T07:51:40","guid":{"rendered":"https:\/\/latinblonde.com\/producto\/cream-to-foam-lotion\/"},"modified":"2025-11-20T01:41:35","modified_gmt":"2025-11-20T00:41:35","slug":"fibras-do-brasil","status":"publish","type":"product","link":"https:\/\/latinblonde.com\/es\/producto\/fibras-do-brasil\/","title":{"rendered":"FIBRAS DO BRASIL"},"content":{"rendered":"<p>Fibras do Brasil es una l\u00ednea de mantenimiento diario para cabellos secos, opacos y da\u00f1ados, que necesitan cuidados para la recuperaci\u00f3n de los hilos. Posee una excelente acci\u00f3n humectante derivada del tratamiento con amino\u00e1cidos que aumentan la resistencia y el brillo del cabello y mejoran la peinabilidad y suavidad del cabello, adem\u00e1s de brindar tratamiento para el cabello da\u00f1ado.\nLa l\u00ednea cuenta con la acci\u00f3n de las Fibras de Brasil naturales, que es un aceite extremadamente nutritivo, rico en vitaminas y antioxidantes.<\/p>","protected":false},"excerpt":{"rendered":"<p>Fibras do Brasil es una l\u00ednea de mantenimiento diario para cabellos secos, opacos y da\u00f1ados, que necesitan cuidados para la recuperaci\u00f3n de los hilos.<\/p>","protected":false},"featured_media":2235,"comment_status":"open","ping_status":"closed","template":"","meta":{"_uag_custom_page_level_css":"","site-sidebar-layout":"default","site-content-layout":"content-boxed-container","ast-site-content-layout":"normal-width-container","site-content-style":"boxed","site-sidebar-style":"unboxed","ast-global-header-display":"","ast-banner-title-visibility":"","ast-main-header-display":"","ast-hfb-above-header-display":"","ast-hfb-below-header-display":"","ast-hfb-mobile-header-display":"","site-post-title":"","ast-breadcrumbs-content":"","ast-featured-img":"","footer-sml-layout":"","theme-transparent-header-meta":"default","adv-header-id-meta":"","stick-header-meta":"","header-above-stick-meta":"","header-main-stick-meta":"","header-below-stick-meta":"","astra-migrate-meta-layouts":"set","ast-page-background-enabled":"default","ast-page-background-meta":{"desktop":{"background-color":"var(--ast-global-color-4)","background-image":"","background-repeat":"repeat","background-position":"center center","background-size":"auto","background-attachment":"scroll","background-type":"","background-media":"","overlay-type":"","overlay-color":"","overlay-gradient":""},"tablet":{"background-color":"","background-image":"","background-repeat":"repeat","background-position":"center center","background-size":"auto","background-attachment":"scroll","background-type":"","background-media":"","overlay-type":"","overlay-color":"","overlay-gradient":""},"mobile":{"background-color":"","background-image":"","background-repeat":"repeat","background-position":"center center","background-size":"auto","background-attachment":"scroll","background-type":"","background-media":"","overlay-type":"","overlay-color":"","overlay-gradient":""}},"ast-content-background-meta":{"desktop":{"background-color":"var(--ast-global-color-5)","background-image":"","background-repeat":"repeat","background-position":"center center","background-size":"auto","background-attachment":"scroll","background-type":"","background-media":"","overlay-type":"","overlay-color":"","overlay-gradient":""},"tablet":{"background-color":"var(--ast-global-color-5)","background-image":"","background-repeat":"repeat","background-position":"center center","background-size":"auto","background-attachment":"scroll","background-type":"","background-media":"","overlay-type":"","overlay-color":"","overlay-gradient":""},"mobile":{"background-color":"var(--ast-global-color-5)","background-image":"","background-repeat":"repeat","background-position":"center center","background-size":"auto","background-attachment":"scroll","background-type":"","background-media":"","overlay-type":"","overlay-color":"","overlay-gradient":""}},"_joinchat":[]},"product_brand":[],"product_cat":[22,25,24],"product_tag":[],"class_list":{"0":"post-341","1":"product","2":"type-product","3":"status-publish","4":"has-post-thumbnail","6":"product_cat-home-care","7":"product_cat-mask","8":"product_cat-shampoo-acondicionador","9":"desktop-align-left","10":"tablet-align-left","11":"mobile-align-left","13":"first","14":"instock","15":"taxable","16":"shipping-taxable","17":"purchasable","18":"product-type-simple"},"uagb_featured_image_src":{"full":["https:\/\/latinblonde.com\/wp-content\/uploads\/2024\/05\/FIBRAS-DO-BRASIL2.jpg",842,842,false],"thumbnail":["https:\/\/latinblonde.com\/wp-content\/uploads\/2024\/05\/FIBRAS-DO-BRASIL2-150x150.jpg",150,150,true],"medium":["https:\/\/latinblonde.com\/wp-content\/uploads\/2024\/05\/FIBRAS-DO-BRASIL2-300x300.jpg",300,300,true],"medium_large":["https:\/\/latinblonde.com\/wp-content\/uploads\/2024\/05\/FIBRAS-DO-BRASIL2-768x768.jpg",768,768,true],"large":["https:\/\/latinblonde.com\/wp-content\/uploads\/2024\/05\/FIBRAS-DO-BRASIL2.jpg",842,842,false],"1536x1536":["https:\/\/latinblonde.com\/wp-content\/uploads\/2024\/05\/FIBRAS-DO-BRASIL2.jpg",842,842,false],"2048x2048":["https:\/\/latinblonde.com\/wp-content\/uploads\/2024\/05\/FIBRAS-DO-BRASIL2.jpg",842,842,false],"trp-custom-language-flag":["https:\/\/latinblonde.com\/wp-content\/uploads\/2024\/05\/FIBRAS-DO-BRASIL2-12x12.jpg",12,12,true],"woocommerce_thumbnail":["https:\/\/latinblonde.com\/wp-content\/uploads\/2024\/05\/FIBRAS-DO-BRASIL2-300x300.jpg",300,300,true],"woocommerce_single":["https:\/\/latinblonde.com\/wp-content\/uploads\/2024\/05\/FIBRAS-DO-BRASIL2-600x600.jpg",600,600,true],"woocommerce_gallery_thumbnail":["https:\/\/latinblonde.com\/wp-content\/uploads\/2024\/05\/FIBRAS-DO-BRASIL2-100x100.jpg",100,100,true]},"uagb_author_info":{"display_name":"adminlat","author_link":"https:\/\/latinblonde.com\/es\/author\/"},"uagb_comment_info":7,"uagb_excerpt":"Fibras do Brasil is a daily maintenance line for dry, opaque and damaged hair, which needs care to recover the strands.","_links":{"self":[{"href":"https:\/\/latinblonde.com\/es\/wp-json\/wp\/v2\/product\/341","targetHints":{"allow":["GET"]}}],"collection":[{"href":"https:\/\/latinblonde.com\/es\/wp-json\/wp\/v2\/product"}],"about":[{"href":"https:\/\/latinblonde.com\/es\/wp-json\/wp\/v2\/types\/product"}],"replies":[{"embeddable":true,"href":"https:\/\/latinblonde.com\/es\/wp-json\/wp\/v2\/comments?post=341"}],"wp:featuredmedia":[{"embeddable":true,"href":"https:\/\/latinblonde.com\/es\/wp-json\/wp\/v2\/media\/2235"}],"wp:attachment":[{"href":"https:\/\/latinblonde.com\/es\/wp-json\/wp\/v2\/media?parent=341"}],"wp:term":[{"taxonomy":"product_brand","embeddable":true,"href":"https:\/\/latinblonde.com\/es\/wp-json\/wp\/v2\/product_brand?post=341"},{"taxonomy":"product_cat","embeddable":true,"href":"https:\/\/latinblonde.com\/es\/wp-json\/wp\/v2\/product_cat?post=341"},{"taxonomy":"product_tag","embeddable":true,"href":"https:\/\/latinblonde.com\/es\/wp-json\/wp\/v2\/product_tag?post=341"}],"curies":[{"name":"wp","href":"https:\/\/api.w.org\/{rel}","templated":true}]}}