{"id":361,"date":"2024-05-03T09:51:42","date_gmt":"2024-05-03T07:51:42","guid":{"rendered":"https:\/\/latinblonde.com\/producto\/complex-sunscreen-balm\/"},"modified":"2026-01-22T18:18:21","modified_gmt":"2026-01-22T17:18:21","slug":"amino-acids-latin-blonde","status":"publish","type":"product","link":"https:\/\/latinblonde.com\/es\/producto\/amino-acids-latin-blonde\/","title":{"rendered":"AMINO ACIDS LATIN BLONDE"},"content":{"rendered":"<p>Los Selladores Capilares de Latin Blonde son reductores de volumen perfectos y desarrollados para alinear y sellar las cut\u00edculas sin da\u00f1ar el cabello. Su formulaci\u00f3n no contiene formaldeh\u00eddo y es completamente a base de \u00e1cido. Sus activos combinados con aceites esenciales y prote\u00ednas ayudan en la regeneraci\u00f3n de la capa interna de los hilos.<\/p>","protected":false},"excerpt":{"rendered":"<p>Los Selladores Capilares de Latin Blonde son reductores de volumen perfectos y desarrollados para alinear y sellar las cut\u00edculas sin da\u00f1ar el cabello.<\/p>","protected":false},"featured_media":1805,"comment_status":"open","ping_status":"closed","template":"","meta":{"_uag_custom_page_level_css":"","site-sidebar-layout":"default","site-content-layout":"content-boxed-container","ast-site-content-layout":"normal-width-container","site-content-style":"boxed","site-sidebar-style":"unboxed","ast-global-header-display":"","ast-banner-title-visibility":"","ast-main-header-display":"","ast-hfb-above-header-display":"","ast-hfb-below-header-display":"","ast-hfb-mobile-header-display":"","site-post-title":"","ast-breadcrumbs-content":"","ast-featured-img":"","footer-sml-layout":"","theme-transparent-header-meta":"default","adv-header-id-meta":"","stick-header-meta":"","header-above-stick-meta":"","header-main-stick-meta":"","header-below-stick-meta":"","astra-migrate-meta-layouts":"set","ast-page-background-enabled":"default","ast-page-background-meta":{"desktop":{"background-color":"var(--ast-global-color-4)","background-image":"","background-repeat":"repeat","background-position":"center center","background-size":"auto","background-attachment":"scroll","background-type":"","background-media":"","overlay-type":"","overlay-color":"","overlay-gradient":""},"tablet":{"background-color":"","background-image":"","background-repeat":"repeat","background-position":"center center","background-size":"auto","background-attachment":"scroll","background-type":"","background-media":"","overlay-type":"","overlay-color":"","overlay-gradient":""},"mobile":{"background-color":"","background-image":"","background-repeat":"repeat","background-position":"center center","background-size":"auto","background-attachment":"scroll","background-type":"","background-media":"","overlay-type":"","overlay-color":"","overlay-gradient":""}},"ast-content-background-meta":{"desktop":{"background-color":"var(--ast-global-color-5)","background-image":"","background-repeat":"repeat","background-position":"center center","background-size":"auto","background-attachment":"scroll","background-type":"","background-media":"","overlay-type":"","overlay-color":"","overlay-gradient":""},"tablet":{"background-color":"var(--ast-global-color-5)","background-image":"","background-repeat":"repeat","background-position":"center center","background-size":"auto","background-attachment":"scroll","background-type":"","background-media":"","overlay-type":"","overlay-color":"","overlay-gradient":""},"mobile":{"background-color":"var(--ast-global-color-5)","background-image":"","background-repeat":"repeat","background-position":"center center","background-size":"auto","background-attachment":"scroll","background-type":"","background-media":"","overlay-type":"","overlay-color":"","overlay-gradient":""}},"_joinchat":[]},"product_brand":[],"product_cat":[18,21],"product_tag":[],"class_list":{"0":"post-361","1":"product","2":"type-product","3":"status-publish","4":"has-post-thumbnail","6":"product_cat-sin-categorizar","7":"product_cat-salon-products","8":"desktop-align-left","9":"tablet-align-left","10":"mobile-align-left","12":"first","13":"instock","14":"taxable","15":"shipping-taxable","16":"purchasable","17":"product-type-simple"},"uagb_featured_image_src":{"full":["https:\/\/latinblonde.com\/wp-content\/uploads\/2024\/05\/AMINO-ACIDS-LATIN-BLONDE.jpg",870,870,false],"thumbnail":["https:\/\/latinblonde.com\/wp-content\/uploads\/2024\/05\/AMINO-ACIDS-LATIN-BLONDE-150x150.jpg",150,150,true],"medium":["https:\/\/latinblonde.com\/wp-content\/uploads\/2024\/05\/AMINO-ACIDS-LATIN-BLONDE-300x300.jpg",300,300,true],"medium_large":["https:\/\/latinblonde.com\/wp-content\/uploads\/2024\/05\/AMINO-ACIDS-LATIN-BLONDE-768x768.jpg",768,768,true],"large":["https:\/\/latinblonde.com\/wp-content\/uploads\/2024\/05\/AMINO-ACIDS-LATIN-BLONDE.jpg",870,870,false],"1536x1536":["https:\/\/latinblonde.com\/wp-content\/uploads\/2024\/05\/AMINO-ACIDS-LATIN-BLONDE.jpg",870,870,false],"2048x2048":["https:\/\/latinblonde.com\/wp-content\/uploads\/2024\/05\/AMINO-ACIDS-LATIN-BLONDE.jpg",870,870,false],"trp-custom-language-flag":["https:\/\/latinblonde.com\/wp-content\/uploads\/2024\/05\/AMINO-ACIDS-LATIN-BLONDE.jpg",12,12,false],"woocommerce_thumbnail":["https:\/\/latinblonde.com\/wp-content\/uploads\/2024\/05\/AMINO-ACIDS-LATIN-BLONDE-300x300.jpg",300,300,true],"woocommerce_single":["https:\/\/latinblonde.com\/wp-content\/uploads\/2024\/05\/AMINO-ACIDS-LATIN-BLONDE-600x600.jpg",600,600,true],"woocommerce_gallery_thumbnail":["https:\/\/latinblonde.com\/wp-content\/uploads\/2024\/05\/AMINO-ACIDS-LATIN-BLONDE-100x100.jpg",100,100,true]},"uagb_author_info":{"display_name":"adminlat","author_link":"https:\/\/latinblonde.com\/es\/author\/"},"uagb_comment_info":15,"uagb_excerpt":"Latin Blonde Hair Sealers are perfect volume reducers developed to align and seal the cuticles without damaging the hair.","_links":{"self":[{"href":"https:\/\/latinblonde.com\/es\/wp-json\/wp\/v2\/product\/361","targetHints":{"allow":["GET"]}}],"collection":[{"href":"https:\/\/latinblonde.com\/es\/wp-json\/wp\/v2\/product"}],"about":[{"href":"https:\/\/latinblonde.com\/es\/wp-json\/wp\/v2\/types\/product"}],"replies":[{"embeddable":true,"href":"https:\/\/latinblonde.com\/es\/wp-json\/wp\/v2\/comments?post=361"}],"wp:featuredmedia":[{"embeddable":true,"href":"https:\/\/latinblonde.com\/es\/wp-json\/wp\/v2\/media\/1805"}],"wp:attachment":[{"href":"https:\/\/latinblonde.com\/es\/wp-json\/wp\/v2\/media?parent=361"}],"wp:term":[{"taxonomy":"product_brand","embeddable":true,"href":"https:\/\/latinblonde.com\/es\/wp-json\/wp\/v2\/product_brand?post=361"},{"taxonomy":"product_cat","embeddable":true,"href":"https:\/\/latinblonde.com\/es\/wp-json\/wp\/v2\/product_cat?post=361"},{"taxonomy":"product_tag","embeddable":true,"href":"https:\/\/latinblonde.com\/es\/wp-json\/wp\/v2\/product_tag?post=361"}],"curies":[{"name":"wp","href":"https:\/\/api.w.org\/{rel}","templated":true}]}}