{"id":362,"date":"2024-05-03T09:51:42","date_gmt":"2024-05-03T07:51:42","guid":{"rendered":"https:\/\/latinblonde.com\/producto\/antiaging-skin-oil\/"},"modified":"2025-11-20T01:43:45","modified_gmt":"2025-11-20T00:43:45","slug":"twenty-one-amino-acids","status":"publish","type":"product","link":"https:\/\/latinblonde.com\/es\/producto\/twenty-one-amino-acids\/","title":{"rendered":"TWENTY ONE AMINO ACIDS"},"content":{"rendered":"<p>La mascarilla TO.21 amino\u00e1cidos Latin Blonde, act\u00faa rellenando la porosidad del cabello da\u00f1ado, favoreciendo un brillo intenso y la recuperaci\u00f3n de la fibra.\nContiene un sistema de nanopart\u00edculas, que son absorbidas a los hilos debido al perfecto proceso de recubrimiento obtenido por nano-dispersi\u00f3n, asociado a un innovador sistema polim\u00e9rico de formaci\u00f3n de una pel\u00edcula el\u00e1stica e hidrofugante.<\/p>","protected":false},"excerpt":{"rendered":"<p>a mascarilla TO.21 amino\u00e1cidos Latin Blonde, act\u00faa rellenando la porosidad del cabello da\u00f1ado, favoreciendo un brillo intenso y la recuperaci\u00f3n de la fibra.<\/p>","protected":false},"featured_media":1833,"comment_status":"open","ping_status":"closed","template":"","meta":{"_uag_custom_page_level_css":"","site-sidebar-layout":"default","site-content-layout":"content-boxed-container","ast-site-content-layout":"normal-width-container","site-content-style":"boxed","site-sidebar-style":"unboxed","ast-global-header-display":"","ast-banner-title-visibility":"","ast-main-header-display":"","ast-hfb-above-header-display":"","ast-hfb-below-header-display":"","ast-hfb-mobile-header-display":"","site-post-title":"","ast-breadcrumbs-content":"","ast-featured-img":"","footer-sml-layout":"","theme-transparent-header-meta":"default","adv-header-id-meta":"","stick-header-meta":"","header-above-stick-meta":"","header-main-stick-meta":"","header-below-stick-meta":"","astra-migrate-meta-layouts":"set","ast-page-background-enabled":"default","ast-page-background-meta":{"desktop":{"background-color":"var(--ast-global-color-4)","background-image":"","background-repeat":"repeat","background-position":"center center","background-size":"auto","background-attachment":"scroll","background-type":"","background-media":"","overlay-type":"","overlay-color":"","overlay-gradient":""},"tablet":{"background-color":"","background-image":"","background-repeat":"repeat","background-position":"center center","background-size":"auto","background-attachment":"scroll","background-type":"","background-media":"","overlay-type":"","overlay-color":"","overlay-gradient":""},"mobile":{"background-color":"","background-image":"","background-repeat":"repeat","background-position":"center center","background-size":"auto","background-attachment":"scroll","background-type":"","background-media":"","overlay-type":"","overlay-color":"","overlay-gradient":""}},"ast-content-background-meta":{"desktop":{"background-color":"var(--ast-global-color-5)","background-image":"","background-repeat":"repeat","background-position":"center center","background-size":"auto","background-attachment":"scroll","background-type":"","background-media":"","overlay-type":"","overlay-color":"","overlay-gradient":""},"tablet":{"background-color":"var(--ast-global-color-5)","background-image":"","background-repeat":"repeat","background-position":"center center","background-size":"auto","background-attachment":"scroll","background-type":"","background-media":"","overlay-type":"","overlay-color":"","overlay-gradient":""},"mobile":{"background-color":"var(--ast-global-color-5)","background-image":"","background-repeat":"repeat","background-position":"center center","background-size":"auto","background-attachment":"scroll","background-type":"","background-media":"","overlay-type":"","overlay-color":"","overlay-gradient":""}},"_joinchat":[]},"product_brand":[],"product_cat":[25,21],"product_tag":[],"class_list":{"0":"post-362","1":"product","2":"type-product","3":"status-publish","4":"has-post-thumbnail","6":"product_cat-mask","7":"product_cat-salon-products","8":"desktop-align-left","9":"tablet-align-left","10":"mobile-align-left","12":"first","13":"instock","14":"taxable","15":"shipping-taxable","16":"purchasable","17":"product-type-simple"},"uagb_featured_image_src":{"full":["https:\/\/latinblonde.com\/wp-content\/uploads\/2024\/05\/TWENTY-ONE-AMINO-ACIDS.jpg",950,950,false],"thumbnail":["https:\/\/latinblonde.com\/wp-content\/uploads\/2024\/05\/TWENTY-ONE-AMINO-ACIDS-150x150.jpg",150,150,true],"medium":["https:\/\/latinblonde.com\/wp-content\/uploads\/2024\/05\/TWENTY-ONE-AMINO-ACIDS-300x300.jpg",300,300,true],"medium_large":["https:\/\/latinblonde.com\/wp-content\/uploads\/2024\/05\/TWENTY-ONE-AMINO-ACIDS-768x768.jpg",768,768,true],"large":["https:\/\/latinblonde.com\/wp-content\/uploads\/2024\/05\/TWENTY-ONE-AMINO-ACIDS.jpg",950,950,false],"1536x1536":["https:\/\/latinblonde.com\/wp-content\/uploads\/2024\/05\/TWENTY-ONE-AMINO-ACIDS.jpg",950,950,false],"2048x2048":["https:\/\/latinblonde.com\/wp-content\/uploads\/2024\/05\/TWENTY-ONE-AMINO-ACIDS.jpg",950,950,false],"trp-custom-language-flag":["https:\/\/latinblonde.com\/wp-content\/uploads\/2024\/05\/TWENTY-ONE-AMINO-ACIDS.jpg",12,12,false],"woocommerce_thumbnail":["https:\/\/latinblonde.com\/wp-content\/uploads\/2024\/05\/TWENTY-ONE-AMINO-ACIDS-300x300.jpg",300,300,true],"woocommerce_single":["https:\/\/latinblonde.com\/wp-content\/uploads\/2024\/05\/TWENTY-ONE-AMINO-ACIDS-600x600.jpg",600,600,true],"woocommerce_gallery_thumbnail":["https:\/\/latinblonde.com\/wp-content\/uploads\/2024\/05\/TWENTY-ONE-AMINO-ACIDS-100x100.jpg",100,100,true]},"uagb_author_info":{"display_name":"adminlat","author_link":"https:\/\/latinblonde.com\/es\/author\/"},"uagb_comment_info":8,"uagb_excerpt":"The Latin Blonde 21 Amino Acid mask fills in the porosity of damaged hair, favoring intense shine and fiber recovery.","_links":{"self":[{"href":"https:\/\/latinblonde.com\/es\/wp-json\/wp\/v2\/product\/362","targetHints":{"allow":["GET"]}}],"collection":[{"href":"https:\/\/latinblonde.com\/es\/wp-json\/wp\/v2\/product"}],"about":[{"href":"https:\/\/latinblonde.com\/es\/wp-json\/wp\/v2\/types\/product"}],"replies":[{"embeddable":true,"href":"https:\/\/latinblonde.com\/es\/wp-json\/wp\/v2\/comments?post=362"}],"wp:featuredmedia":[{"embeddable":true,"href":"https:\/\/latinblonde.com\/es\/wp-json\/wp\/v2\/media\/1833"}],"wp:attachment":[{"href":"https:\/\/latinblonde.com\/es\/wp-json\/wp\/v2\/media?parent=362"}],"wp:term":[{"taxonomy":"product_brand","embeddable":true,"href":"https:\/\/latinblonde.com\/es\/wp-json\/wp\/v2\/product_brand?post=362"},{"taxonomy":"product_cat","embeddable":true,"href":"https:\/\/latinblonde.com\/es\/wp-json\/wp\/v2\/product_cat?post=362"},{"taxonomy":"product_tag","embeddable":true,"href":"https:\/\/latinblonde.com\/es\/wp-json\/wp\/v2\/product_tag?post=362"}],"curies":[{"name":"wp","href":"https:\/\/api.w.org\/{rel}","templated":true}]}}