{"id":367,"date":"2024-05-03T09:51:42","date_gmt":"2024-05-03T07:51:42","guid":{"rendered":"https:\/\/latinblonde.com\/producto\/calm-hydrating-moisturizer\/"},"modified":"2026-01-22T18:18:52","modified_gmt":"2026-01-22T17:18:52","slug":"beauty-liquid-touch","status":"publish","type":"product","link":"https:\/\/latinblonde.com\/es\/producto\/beauty-liquid-touch\/","title":{"rendered":"BEAUTY LIQUID TOUCH"},"content":{"rendered":"<p>El Beauty Touch de Latin Blonde es ideal para realzar el color de cabellos coloreados, opacos y post-progresivos.<br \/>\nEste producto tiene una base de nutrientes para brindar revitalizaci\u00f3n y brillo mientras realiza la transferencia de color. De esta forma, el cabello deste\u00f1ido o decolorado no necesitar\u00e1 ser tratado con otros qu\u00edmicos m\u00e1s agresivos (como la coloraci\u00f3n) para que el color vuelva a cobrar vida.\n\nMatizantes: Marsala (efecto Marsala), Red (efecto Rojo), Violeta (efecto Violeta).<\/p>","protected":false},"excerpt":{"rendered":"<p>El Beauty Touch de Latin Blonde es ideal para realzar el color de cabellos coloreados, opacos y post-progresivos.<\/p>","protected":false},"featured_media":1809,"comment_status":"open","ping_status":"closed","template":"","meta":{"_uag_custom_page_level_css":"","site-sidebar-layout":"default","site-content-layout":"content-boxed-container","ast-site-content-layout":"normal-width-container","site-content-style":"boxed","site-sidebar-style":"unboxed","ast-global-header-display":"","ast-banner-title-visibility":"","ast-main-header-display":"","ast-hfb-above-header-display":"","ast-hfb-below-header-display":"","ast-hfb-mobile-header-display":"","site-post-title":"","ast-breadcrumbs-content":"","ast-featured-img":"","footer-sml-layout":"","theme-transparent-header-meta":"default","adv-header-id-meta":"","stick-header-meta":"","header-above-stick-meta":"","header-main-stick-meta":"","header-below-stick-meta":"","astra-migrate-meta-layouts":"set","ast-page-background-enabled":"default","ast-page-background-meta":{"desktop":{"background-color":"var(--ast-global-color-4)","background-image":"","background-repeat":"repeat","background-position":"center center","background-size":"auto","background-attachment":"scroll","background-type":"","background-media":"","overlay-type":"","overlay-color":"","overlay-gradient":""},"tablet":{"background-color":"","background-image":"","background-repeat":"repeat","background-position":"center center","background-size":"auto","background-attachment":"scroll","background-type":"","background-media":"","overlay-type":"","overlay-color":"","overlay-gradient":""},"mobile":{"background-color":"","background-image":"","background-repeat":"repeat","background-position":"center center","background-size":"auto","background-attachment":"scroll","background-type":"","background-media":"","overlay-type":"","overlay-color":"","overlay-gradient":""}},"ast-content-background-meta":{"desktop":{"background-color":"var(--ast-global-color-5)","background-image":"","background-repeat":"repeat","background-position":"center center","background-size":"auto","background-attachment":"scroll","background-type":"","background-media":"","overlay-type":"","overlay-color":"","overlay-gradient":""},"tablet":{"background-color":"var(--ast-global-color-5)","background-image":"","background-repeat":"repeat","background-position":"center center","background-size":"auto","background-attachment":"scroll","background-type":"","background-media":"","overlay-type":"","overlay-color":"","overlay-gradient":""},"mobile":{"background-color":"var(--ast-global-color-5)","background-image":"","background-repeat":"repeat","background-position":"center center","background-size":"auto","background-attachment":"scroll","background-type":"","background-media":"","overlay-type":"","overlay-color":"","overlay-gradient":""}},"_joinchat":[]},"product_brand":[],"product_cat":[18,26,22],"product_tag":[],"class_list":{"0":"post-367","1":"product","2":"type-product","3":"status-publish","4":"has-post-thumbnail","6":"product_cat-sin-categorizar","7":"product_cat-color","8":"product_cat-home-care","9":"desktop-align-left","10":"tablet-align-left","11":"mobile-align-left","13":"first","14":"instock","15":"taxable","16":"shipping-taxable","17":"purchasable","18":"product-type-simple"},"uagb_featured_image_src":{"full":["https:\/\/latinblonde.com\/wp-content\/uploads\/2024\/05\/BEAUTY-LIQUID-TOUCH.jpg",739,739,false],"thumbnail":["https:\/\/latinblonde.com\/wp-content\/uploads\/2024\/05\/BEAUTY-LIQUID-TOUCH-150x150.jpg",150,150,true],"medium":["https:\/\/latinblonde.com\/wp-content\/uploads\/2024\/05\/BEAUTY-LIQUID-TOUCH-300x300.jpg",300,300,true],"medium_large":["https:\/\/latinblonde.com\/wp-content\/uploads\/2024\/05\/BEAUTY-LIQUID-TOUCH.jpg",739,739,false],"large":["https:\/\/latinblonde.com\/wp-content\/uploads\/2024\/05\/BEAUTY-LIQUID-TOUCH.jpg",739,739,false],"1536x1536":["https:\/\/latinblonde.com\/wp-content\/uploads\/2024\/05\/BEAUTY-LIQUID-TOUCH.jpg",739,739,false],"2048x2048":["https:\/\/latinblonde.com\/wp-content\/uploads\/2024\/05\/BEAUTY-LIQUID-TOUCH.jpg",739,739,false],"trp-custom-language-flag":["https:\/\/latinblonde.com\/wp-content\/uploads\/2024\/05\/BEAUTY-LIQUID-TOUCH.jpg",12,12,false],"woocommerce_thumbnail":["https:\/\/latinblonde.com\/wp-content\/uploads\/2024\/05\/BEAUTY-LIQUID-TOUCH-300x300.jpg",300,300,true],"woocommerce_single":["https:\/\/latinblonde.com\/wp-content\/uploads\/2024\/05\/BEAUTY-LIQUID-TOUCH-600x600.jpg",600,600,true],"woocommerce_gallery_thumbnail":["https:\/\/latinblonde.com\/wp-content\/uploads\/2024\/05\/BEAUTY-LIQUID-TOUCH-100x100.jpg",100,100,true]},"uagb_author_info":{"display_name":"adminlat","author_link":"https:\/\/latinblonde.com\/es\/author\/"},"uagb_comment_info":12,"uagb_excerpt":"Latin Blonde's Beauty Touch is ideal for enhancing the color of colored, opaque and post-progressive hair.","_links":{"self":[{"href":"https:\/\/latinblonde.com\/es\/wp-json\/wp\/v2\/product\/367","targetHints":{"allow":["GET"]}}],"collection":[{"href":"https:\/\/latinblonde.com\/es\/wp-json\/wp\/v2\/product"}],"about":[{"href":"https:\/\/latinblonde.com\/es\/wp-json\/wp\/v2\/types\/product"}],"replies":[{"embeddable":true,"href":"https:\/\/latinblonde.com\/es\/wp-json\/wp\/v2\/comments?post=367"}],"wp:featuredmedia":[{"embeddable":true,"href":"https:\/\/latinblonde.com\/es\/wp-json\/wp\/v2\/media\/1809"}],"wp:attachment":[{"href":"https:\/\/latinblonde.com\/es\/wp-json\/wp\/v2\/media?parent=367"}],"wp:term":[{"taxonomy":"product_brand","embeddable":true,"href":"https:\/\/latinblonde.com\/es\/wp-json\/wp\/v2\/product_brand?post=367"},{"taxonomy":"product_cat","embeddable":true,"href":"https:\/\/latinblonde.com\/es\/wp-json\/wp\/v2\/product_cat?post=367"},{"taxonomy":"product_tag","embeddable":true,"href":"https:\/\/latinblonde.com\/es\/wp-json\/wp\/v2\/product_tag?post=367"}],"curies":[{"name":"wp","href":"https:\/\/api.w.org\/{rel}","templated":true}]}}