{"id":370,"date":"2024-05-03T09:51:42","date_gmt":"2024-05-03T07:51:42","guid":{"rendered":"https:\/\/latinblonde.com\/producto\/hybrid-cleansing-balm\/"},"modified":"2024-12-12T10:24:37","modified_gmt":"2024-12-12T09:24:37","slug":"hir-reconstruccion-alto-impacto","status":"publish","type":"product","link":"https:\/\/latinblonde.com\/es\/producto\/hir-reconstruccion-alto-impacto\/","title":{"rendered":"H.I.R. - RECONSTRUCCI\u00d3N DE ALTO IMPACTO"},"content":{"rendered":"<p>One of the most common problems of hair damage is caused by agents of external aggression, such as aggressive and constant chemical treatments, such as straightening, bleaching, coloring or application of inappropriate products for the type of hair or of dubious origin.<br \/>\nLa l\u00ednea H.I.R. de Latin Blonde fue desarrollada para la recuperaci\u00f3n de cabellos sensibilizados y debilitados principalmente por procesos qu\u00edmicos y es recomendada para cabellos extremadamente da\u00f1ados, quebradizos, el\u00e1sticos y porosos.<\/p>","protected":false},"excerpt":{"rendered":"<p>La l\u00ednea H.I.R. de Latin Blonde fue desarrollada para la recuperaci\u00f3n de cabellos sensibilizados y debilitados principalmente por procesos qu\u00edmicos y es recomendada para cabellos extremadamente da\u00f1ados, quebradizos, el\u00e1sticos y porosos.<\/p>","protected":false},"featured_media":1817,"comment_status":"open","ping_status":"closed","template":"","meta":{"_uag_custom_page_level_css":"","site-sidebar-layout":"default","site-content-layout":"content-boxed-container","ast-site-content-layout":"normal-width-container","site-content-style":"boxed","site-sidebar-style":"unboxed","ast-global-header-display":"","ast-banner-title-visibility":"","ast-main-header-display":"","ast-hfb-above-header-display":"","ast-hfb-below-header-display":"","ast-hfb-mobile-header-display":"","site-post-title":"","ast-breadcrumbs-content":"","ast-featured-img":"","footer-sml-layout":"","theme-transparent-header-meta":"default","adv-header-id-meta":"","stick-header-meta":"","header-above-stick-meta":"","header-main-stick-meta":"","header-below-stick-meta":"","astra-migrate-meta-layouts":"set","ast-page-background-enabled":"default","ast-page-background-meta":{"desktop":{"background-color":"var(--ast-global-color-4)","background-image":"","background-repeat":"repeat","background-position":"center center","background-size":"auto","background-attachment":"scroll","background-type":"","background-media":"","overlay-type":"","overlay-color":"","overlay-gradient":""},"tablet":{"background-color":"","background-image":"","background-repeat":"repeat","background-position":"center center","background-size":"auto","background-attachment":"scroll","background-type":"","background-media":"","overlay-type":"","overlay-color":"","overlay-gradient":""},"mobile":{"background-color":"","background-image":"","background-repeat":"repeat","background-position":"center center","background-size":"auto","background-attachment":"scroll","background-type":"","background-media":"","overlay-type":"","overlay-color":"","overlay-gradient":""}},"ast-content-background-meta":{"desktop":{"background-color":"var(--ast-global-color-5)","background-image":"","background-repeat":"repeat","background-position":"center center","background-size":"auto","background-attachment":"scroll","background-type":"","background-media":"","overlay-type":"","overlay-color":"","overlay-gradient":""},"tablet":{"background-color":"var(--ast-global-color-5)","background-image":"","background-repeat":"repeat","background-position":"center center","background-size":"auto","background-attachment":"scroll","background-type":"","background-media":"","overlay-type":"","overlay-color":"","overlay-gradient":""},"mobile":{"background-color":"var(--ast-global-color-5)","background-image":"","background-repeat":"repeat","background-position":"center center","background-size":"auto","background-attachment":"scroll","background-type":"","background-media":"","overlay-type":"","overlay-color":"","overlay-gradient":""}},"_joinchat":[]},"product_brand":[],"product_cat":[18,21],"product_tag":[],"class_list":{"0":"post-370","1":"product","2":"type-product","3":"status-publish","4":"has-post-thumbnail","6":"product_cat-sin-categorizar","7":"product_cat-salon-products","8":"desktop-align-left","9":"tablet-align-left","10":"mobile-align-left","12":"first","13":"instock","14":"taxable","15":"shipping-taxable","16":"purchasable","17":"product-type-simple"},"uagb_featured_image_src":{"full":["https:\/\/latinblonde.com\/wp-content\/uploads\/2024\/05\/H.I.R.-\u2014-RECONSTRUCCION-DE-ALTO-IMPACTO.jpg",683,683,false],"thumbnail":["https:\/\/latinblonde.com\/wp-content\/uploads\/2024\/05\/H.I.R.-\u2014-RECONSTRUCCION-DE-ALTO-IMPACTO-150x150.jpg",150,150,true],"medium":["https:\/\/latinblonde.com\/wp-content\/uploads\/2024\/05\/H.I.R.-\u2014-RECONSTRUCCION-DE-ALTO-IMPACTO-300x300.jpg",300,300,true],"medium_large":["https:\/\/latinblonde.com\/wp-content\/uploads\/2024\/05\/H.I.R.-\u2014-RECONSTRUCCION-DE-ALTO-IMPACTO.jpg",683,683,false],"large":["https:\/\/latinblonde.com\/wp-content\/uploads\/2024\/05\/H.I.R.-\u2014-RECONSTRUCCION-DE-ALTO-IMPACTO.jpg",683,683,false],"1536x1536":["https:\/\/latinblonde.com\/wp-content\/uploads\/2024\/05\/H.I.R.-\u2014-RECONSTRUCCION-DE-ALTO-IMPACTO.jpg",683,683,false],"2048x2048":["https:\/\/latinblonde.com\/wp-content\/uploads\/2024\/05\/H.I.R.-\u2014-RECONSTRUCCION-DE-ALTO-IMPACTO.jpg",683,683,false],"trp-custom-language-flag":["https:\/\/latinblonde.com\/wp-content\/uploads\/2024\/05\/H.I.R.-\u2014-RECONSTRUCCION-DE-ALTO-IMPACTO.jpg",12,12,false],"woocommerce_thumbnail":["https:\/\/latinblonde.com\/wp-content\/uploads\/2024\/05\/H.I.R.-\u2014-RECONSTRUCCION-DE-ALTO-IMPACTO-300x300.jpg",300,300,true],"woocommerce_single":["https:\/\/latinblonde.com\/wp-content\/uploads\/2024\/05\/H.I.R.-\u2014-RECONSTRUCCION-DE-ALTO-IMPACTO-600x600.jpg",600,600,true],"woocommerce_gallery_thumbnail":["https:\/\/latinblonde.com\/wp-content\/uploads\/2024\/05\/H.I.R.-\u2014-RECONSTRUCCION-DE-ALTO-IMPACTO-100x100.jpg",100,100,true]},"uagb_author_info":{"display_name":"adminlat","author_link":"https:\/\/latinblonde.com\/es\/author\/"},"uagb_comment_info":0,"uagb_excerpt":"The H.I.R line de Latin Blonde was developed for the recovery of sensitized and weakened hair mainly by chemical processes and is recommended for extremely damaged, brittle, elastic and porous hair.","_links":{"self":[{"href":"https:\/\/latinblonde.com\/es\/wp-json\/wp\/v2\/product\/370","targetHints":{"allow":["GET"]}}],"collection":[{"href":"https:\/\/latinblonde.com\/es\/wp-json\/wp\/v2\/product"}],"about":[{"href":"https:\/\/latinblonde.com\/es\/wp-json\/wp\/v2\/types\/product"}],"replies":[{"embeddable":true,"href":"https:\/\/latinblonde.com\/es\/wp-json\/wp\/v2\/comments?post=370"}],"wp:featuredmedia":[{"embeddable":true,"href":"https:\/\/latinblonde.com\/es\/wp-json\/wp\/v2\/media\/1817"}],"wp:attachment":[{"href":"https:\/\/latinblonde.com\/es\/wp-json\/wp\/v2\/media?parent=370"}],"wp:term":[{"taxonomy":"product_brand","embeddable":true,"href":"https:\/\/latinblonde.com\/es\/wp-json\/wp\/v2\/product_brand?post=370"},{"taxonomy":"product_cat","embeddable":true,"href":"https:\/\/latinblonde.com\/es\/wp-json\/wp\/v2\/product_cat?post=370"},{"taxonomy":"product_tag","embeddable":true,"href":"https:\/\/latinblonde.com\/es\/wp-json\/wp\/v2\/product_tag?post=370"}],"curies":[{"name":"wp","href":"https:\/\/api.w.org\/{rel}","templated":true}]}}